{"id":6083,"date":"2026-03-16T10:34:12","date_gmt":"2026-03-16T09:34:12","guid":{"rendered":"https:\/\/www.anaprats.com\/avis-legal\/"},"modified":"2026-04-10T10:56:29","modified_gmt":"2026-04-10T08:56:29","slug":"avis-legal","status":"publish","type":"page","link":"https:\/\/www.anaprats.com\/ca\/avis-legal\/","title":{"rendered":"Av\u00eds legal"},"content":{"rendered":"<div class=\"wpb-content-wrapper\"><p>[vc_row][vc_column]<div class=\"ult-spacer spacer-69e1bd87e5ece\" data-id=\"69e1bd87e5ece\" data-height=\"115\" data-height-mobile=\"50\" data-height-tab=\"\" data-height-tab-portrait=\"90\" data-height-mobile-landscape=\"75\" style=\"clear:both;display:block;\"><\/div>[vc_column_text css=&#8221;&#8221;]En compliment de l&#8217;article 10 de la Llei 34\/2002, de 11 de juliol, de Serveis de la Societat de la Informaci\u00f3 i Comer\u00e7 Electr\u00f2nic (LSSI-CE) a continuaci\u00f3 es detallen les dades identificatives de l&#8217;empresa:[\/vc_column_text][vc_column_text css=&#8221;&#8221;]Ra\u00f3 social: Ana Prats<br \/>\n Adre\u00e7a: Carrer del Pi n 11 pis 1, porta 6 08002 Barcelona<br \/>\n Tel\u00e8fon: +34 647 927 487<br \/>\n Email: info@anaprats.com[\/vc_column_text][vc_column_text css=&#8221;&#8221;]<strong>FINALITAT DE LA P\u00c0GINA WEB<\/strong>[\/vc_column_text][vc_column_text css=&#8221;&#8221;]La finalitat d&#8217;aquesta web \u00e9s atendre les vostres consultes i peticions.[\/vc_column_text][vc_column_text css=&#8221;&#8221;]Aquest av\u00eds legal (d&#8217;ara endavant, \u201cAv\u00eds Legal\u201d) regula l&#8217;\u00fas del lloc web: www.anaprats.com.[\/vc_column_text][vc_column_text css=&#8221;&#8221;]<strong>LEGISLACI\u00d3<\/strong>[\/vc_column_text][vc_column_text css=&#8221;&#8221;]Amb car\u00e0cter general, les relacions entre Ana Prats amb els usuaris dels seus serveis telem\u00e0tics, presents en aquest lloc web, estan sotmeses a la legislaci\u00f3 i jurisdicci\u00f3 espanyoles.[\/vc_column_text][vc_column_text css=&#8221;&#8221;]<strong>\u00daS I ACC\u00c9S D&#8217;USUARIS<\/strong>[\/vc_column_text][vc_column_text css=&#8221;&#8221;]L&#8217;Usuari queda informat, i accepta, que l&#8217;acc\u00e9s a la present web no suposa, de cap manera, l&#8217;inici d&#8217;una relaci\u00f3 comercial amb Ana Prats o qualsevol de les delegacions.[\/vc_column_text][vc_column_text css=&#8221;&#8221;]<strong>PROPIETAT INTEL\u00b7LECTUAL I INDUSTRIAL<\/strong>[\/vc_column_text][vc_column_text css=&#8221;&#8221;]Els drets de propietat intel\u00b7lectual del contingut de les p\u00e0gines web, el disseny gr\u00e0fic i els codis s\u00f3n titularitat d&#8217;Ana Prats i, per tant, queda prohibida la seva reproducci\u00f3, distribuci\u00f3, comunicaci\u00f3 p\u00fablica, transformaci\u00f3 o qualsevol altra activitat que es pugui realitzar amb els continguts de les seves p\u00e0gines web ni fins i tot citant les fonts, llevat del consentiment per escrit d&#8217;Ana Prats.[\/vc_column_text][vc_column_text css=&#8221;&#8221;]<strong>CONTINGUT DE LA WEB I ENLLA\u00c7OS (LINKS)<\/strong>[\/vc_column_text][vc_column_text css=&#8221;&#8221;]Cristina Torra Pous es reserva el dret d&#8217;actualitzar, modificar o eliminar la informaci\u00f3 continguda a les seves p\u00e0gines web i fins i tot pot limitar o no permetre l&#8217;acc\u00e9s a aquesta informaci\u00f3 a certs usuaris. Documentaci\u00f3 LSSI-CE Ana Prats.[\/vc_column_text][vc_column_text css=&#8221;&#8221;]Ana Prats no assumeix cap responsabilitat per la informaci\u00f3 continguda en p\u00e0gines web de tercers a les quals es pugui accedir per \u201clinks\u201d o enlla\u00e7os des de qualsevol p\u00e0gina web propietat d&#8217;Ana Prats. La pres\u00e8ncia de \u201clinks\u201d o enlla\u00e7os a les p\u00e0gines t\u00e9 finalitat merament informativa i en cap cas suposa suggeriment, invitaci\u00f3 o recomanaci\u00f3.[\/vc_column_text][vc_column_text css=&#8221;&#8221;]<strong>ACCESSIBILITAT<\/strong>[\/vc_column_text][vc_column_text css=&#8221;&#8221;]Ens hem comprom\u00e8s a fer accessible el nostre lloc web complint el nivell AA de les Pautes WCAG-2.1.[\/vc_column_text][vc_column_text css=&#8221;&#8221;]Aquesta declaraci\u00f3 d&#8217;accessibilitat s&#8217;aplica a aquest lloc web.[\/vc_column_text][vc_column_text css=&#8221;&#8221;]<strong>Contingut no accessible<\/strong>[\/vc_column_text][vc_column_text css=&#8221;&#8221;]Podrien existir documents ofim\u00e0tics en PDF i altres formats publicats posteriorment al 20 de setembre de 2018 que no compleixin totalment els requisits d&#8217;accessibilitat.<br \/>\n Podrien existir errors de codi puntuals dedici\u00f3 en alguna p\u00e0gina web.[\/vc_column_text][vc_column_text css=&#8221;&#8221;]<strong>Preparaci\u00f3 per a la seg\u00fcent declaraci\u00f3 d&#8217;accessibilitat<\/strong>[\/vc_column_text][vc_column_text css=&#8221;&#8221;]Aquesta declaraci\u00f3 va ser preparada amb un m\u00e8tode d&#8217;autoavaluaci\u00f3 el 05 de mar\u00e7 del 2025.[\/vc_column_text][vc_column_text css=&#8221;&#8221;]<strong>Observacions i dades de contacte<\/strong>[\/vc_column_text][vc_column_text css=&#8221;&#8221;]Podeu fer comunicacions sobre requisits d&#8217;accessibilitat mitjan\u00e7ant el formulari de contacte d&#8217;aquest lloc web o mitjan\u00e7ant el correu de contacte.[\/vc_column_text][vc_column_text css=&#8221;&#8221;]A la Sol\u00b7licitud d&#8217;informaci\u00f3 accessible, cal concretar, amb tota claredat, els fets, les raons i la petici\u00f3 que permetin constatar que es tracta d&#8217;una sol\u00b7licitud raonable i leg\u00edtima.[\/vc_column_text][vc_column_text css=&#8221;&#8221;]Les aplicaci\u00f3 de les reclamacions sobre accessibilitat es tindran en compte i possiblement quedaran aplicades en properes actualitzacions.[\/vc_column_text]<div class=\"ult-spacer spacer-69e1bd87e5f03\" data-id=\"69e1bd87e5f03\" data-height=\"120\" data-height-mobile=\"50\" data-height-tab=\"\" data-height-tab-portrait=\"90\" data-height-mobile-landscape=\"75\" style=\"clear:both;display:block;\"><\/div>[\/vc_column][\/vc_row]<\/p>\n<\/div>","protected":false},"excerpt":{"rendered":"<p>[vc_row][vc_column][vc_column_text css=&#8221;&#8221;]En compliment de l&#8217;article 10 de la Llei 34\/2002, de 11 de juliol, de Serveis de la Societat de la Informaci\u00f3 i Comer\u00e7 Electr\u00f2nic (LSSI-CE) a continuaci\u00f3 es detallen les dades identificatives de l&#8217;empresa:[\/vc_column_text][vc_column_text css=&#8221;&#8221;]Ra\u00f3 social: Ana Prats Adre\u00e7a: Carrer del Pi n 11 pis 1, porta 6 08002 Barcelona Tel\u00e8fon: +34 647 927 [&hellip;]<\/p>\n","protected":false},"author":1,"featured_media":0,"parent":0,"menu_order":0,"comment_status":"closed","ping_status":"closed","template":"page.php","meta":{"_monsterinsights_skip_tracking":false,"_monsterinsights_sitenote_active":false,"_monsterinsights_sitenote_note":"","_monsterinsights_sitenote_category":0,"footnotes":""},"class_list":["post-6083","page","type-page","status-publish","hentry"],"yoast_head":"<!-- This site is optimized with the Yoast SEO plugin v27.3 - https:\/\/yoast.com\/product\/yoast-seo-wordpress\/ -->\n<title>Av\u00eds legal - Ana Prats<\/title>\n<meta name=\"robots\" content=\"noindex, nofollow\" \/>\n<meta property=\"og:locale\" content=\"ca_ES\" \/>\n<meta property=\"og:type\" content=\"article\" \/>\n<meta property=\"og:title\" content=\"Av\u00eds legal - Ana Prats\" \/>\n<meta property=\"og:description\" content=\"[vc_row][vc_column][vc_column_text css=&#8221;&#8221;]En compliment de l&#8217;article 10 de la Llei 34\/2002, de 11 de juliol, de Serveis de la Societat de la Informaci\u00f3 i Comer\u00e7 Electr\u00f2nic (LSSI-CE) a continuaci\u00f3 es detallen les dades identificatives de l&#8217;empresa:[\/vc_column_text][vc_column_text css=&#8221;&#8221;]Ra\u00f3 social: Ana Prats Adre\u00e7a: Carrer del Pi n 11 pis 1, porta 6 08002 Barcelona Tel\u00e8fon: +34 647 927 [&hellip;]\" \/>\n<meta property=\"og:url\" content=\"https:\/\/www.anaprats.com\/ca\/avis-legal\/\" \/>\n<meta property=\"og:site_name\" content=\"Ana Prats\" \/>\n<meta property=\"article:modified_time\" content=\"2026-04-10T08:56:29+00:00\" \/>\n<meta name=\"twitter:card\" content=\"summary_large_image\" \/>\n<meta name=\"twitter:label1\" content=\"Temps estimat de lectura\" \/>\n\t<meta name=\"twitter:data1\" content=\"4 minuts\" \/>\n<script type=\"application\/ld+json\" class=\"yoast-schema-graph\">{\"@context\":\"https:\\\/\\\/schema.org\",\"@graph\":[{\"@type\":\"WebPage\",\"@id\":\"https:\\\/\\\/www.anaprats.com\\\/ca\\\/avis-legal\\\/\",\"url\":\"https:\\\/\\\/www.anaprats.com\\\/ca\\\/avis-legal\\\/\",\"name\":\"Av\u00eds legal - Ana Prats\",\"isPartOf\":{\"@id\":\"https:\\\/\\\/www.anaprats.com\\\/ca\\\/#website\"},\"datePublished\":\"2026-03-16T09:34:12+00:00\",\"dateModified\":\"2026-04-10T08:56:29+00:00\",\"breadcrumb\":{\"@id\":\"https:\\\/\\\/www.anaprats.com\\\/ca\\\/avis-legal\\\/#breadcrumb\"},\"inLanguage\":\"ca\",\"potentialAction\":[{\"@type\":\"ReadAction\",\"target\":[\"https:\\\/\\\/www.anaprats.com\\\/ca\\\/avis-legal\\\/\"]}]},{\"@type\":\"BreadcrumbList\",\"@id\":\"https:\\\/\\\/www.anaprats.com\\\/ca\\\/avis-legal\\\/#breadcrumb\",\"itemListElement\":[{\"@type\":\"ListItem\",\"position\":1,\"name\":\"Portada\",\"item\":\"https:\\\/\\\/www.anaprats.com\\\/ca\\\/\"},{\"@type\":\"ListItem\",\"position\":2,\"name\":\"Av\u00eds legal\"}]},{\"@type\":\"WebSite\",\"@id\":\"https:\\\/\\\/www.anaprats.com\\\/ca\\\/#website\",\"url\":\"https:\\\/\\\/www.anaprats.com\\\/ca\\\/\",\"name\":\"Ana Prats\",\"description\":\"\",\"publisher\":{\"@id\":\"https:\\\/\\\/www.anaprats.com\\\/ca\\\/#organization\"},\"potentialAction\":[{\"@type\":\"SearchAction\",\"target\":{\"@type\":\"EntryPoint\",\"urlTemplate\":\"https:\\\/\\\/www.anaprats.com\\\/ca\\\/?s={search_term_string}\"},\"query-input\":{\"@type\":\"PropertyValueSpecification\",\"valueRequired\":true,\"valueName\":\"search_term_string\"}}],\"inLanguage\":\"ca\"},{\"@type\":\"Organization\",\"@id\":\"https:\\\/\\\/www.anaprats.com\\\/ca\\\/#organization\",\"name\":\"Ana Prats\",\"url\":\"https:\\\/\\\/www.anaprats.com\\\/ca\\\/\",\"logo\":{\"@type\":\"ImageObject\",\"inLanguage\":\"ca\",\"@id\":\"https:\\\/\\\/www.anaprats.com\\\/ca\\\/#\\\/schema\\\/logo\\\/image\\\/\",\"url\":\"https:\\\/\\\/www.anaprats.com\\\/wp-content\\\/uploads\\\/2026\\\/02\\\/logo-footer.png\",\"contentUrl\":\"https:\\\/\\\/www.anaprats.com\\\/wp-content\\\/uploads\\\/2026\\\/02\\\/logo-footer.png\",\"width\":61,\"height\":61,\"caption\":\"Ana Prats\"},\"image\":{\"@id\":\"https:\\\/\\\/www.anaprats.com\\\/ca\\\/#\\\/schema\\\/logo\\\/image\\\/\"}}]}<\/script>\n<!-- \/ Yoast SEO plugin. -->","yoast_head_json":{"title":"Av\u00eds legal - Ana Prats","robots":{"index":"noindex","follow":"nofollow"},"og_locale":"ca_ES","og_type":"article","og_title":"Av\u00eds legal - Ana Prats","og_description":"[vc_row][vc_column][vc_column_text css=&#8221;&#8221;]En compliment de l&#8217;article 10 de la Llei 34\/2002, de 11 de juliol, de Serveis de la Societat de la Informaci\u00f3 i Comer\u00e7 Electr\u00f2nic (LSSI-CE) a continuaci\u00f3 es detallen les dades identificatives de l&#8217;empresa:[\/vc_column_text][vc_column_text css=&#8221;&#8221;]Ra\u00f3 social: Ana Prats Adre\u00e7a: Carrer del Pi n 11 pis 1, porta 6 08002 Barcelona Tel\u00e8fon: +34 647 927 [&hellip;]","og_url":"https:\/\/www.anaprats.com\/ca\/avis-legal\/","og_site_name":"Ana Prats","article_modified_time":"2026-04-10T08:56:29+00:00","twitter_card":"summary_large_image","twitter_misc":{"Temps estimat de lectura":"4 minuts"},"schema":{"@context":"https:\/\/schema.org","@graph":[{"@type":"WebPage","@id":"https:\/\/www.anaprats.com\/ca\/avis-legal\/","url":"https:\/\/www.anaprats.com\/ca\/avis-legal\/","name":"Av\u00eds legal - Ana Prats","isPartOf":{"@id":"https:\/\/www.anaprats.com\/ca\/#website"},"datePublished":"2026-03-16T09:34:12+00:00","dateModified":"2026-04-10T08:56:29+00:00","breadcrumb":{"@id":"https:\/\/www.anaprats.com\/ca\/avis-legal\/#breadcrumb"},"inLanguage":"ca","potentialAction":[{"@type":"ReadAction","target":["https:\/\/www.anaprats.com\/ca\/avis-legal\/"]}]},{"@type":"BreadcrumbList","@id":"https:\/\/www.anaprats.com\/ca\/avis-legal\/#breadcrumb","itemListElement":[{"@type":"ListItem","position":1,"name":"Portada","item":"https:\/\/www.anaprats.com\/ca\/"},{"@type":"ListItem","position":2,"name":"Av\u00eds legal"}]},{"@type":"WebSite","@id":"https:\/\/www.anaprats.com\/ca\/#website","url":"https:\/\/www.anaprats.com\/ca\/","name":"Ana Prats","description":"","publisher":{"@id":"https:\/\/www.anaprats.com\/ca\/#organization"},"potentialAction":[{"@type":"SearchAction","target":{"@type":"EntryPoint","urlTemplate":"https:\/\/www.anaprats.com\/ca\/?s={search_term_string}"},"query-input":{"@type":"PropertyValueSpecification","valueRequired":true,"valueName":"search_term_string"}}],"inLanguage":"ca"},{"@type":"Organization","@id":"https:\/\/www.anaprats.com\/ca\/#organization","name":"Ana Prats","url":"https:\/\/www.anaprats.com\/ca\/","logo":{"@type":"ImageObject","inLanguage":"ca","@id":"https:\/\/www.anaprats.com\/ca\/#\/schema\/logo\/image\/","url":"https:\/\/www.anaprats.com\/wp-content\/uploads\/2026\/02\/logo-footer.png","contentUrl":"https:\/\/www.anaprats.com\/wp-content\/uploads\/2026\/02\/logo-footer.png","width":61,"height":61,"caption":"Ana Prats"},"image":{"@id":"https:\/\/www.anaprats.com\/ca\/#\/schema\/logo\/image\/"}}]}},"_links":{"self":[{"href":"https:\/\/www.anaprats.com\/ca\/wp-json\/wp\/v2\/pages\/6083","targetHints":{"allow":["GET"]}}],"collection":[{"href":"https:\/\/www.anaprats.com\/ca\/wp-json\/wp\/v2\/pages"}],"about":[{"href":"https:\/\/www.anaprats.com\/ca\/wp-json\/wp\/v2\/types\/page"}],"author":[{"embeddable":true,"href":"https:\/\/www.anaprats.com\/ca\/wp-json\/wp\/v2\/users\/1"}],"replies":[{"embeddable":true,"href":"https:\/\/www.anaprats.com\/ca\/wp-json\/wp\/v2\/comments?post=6083"}],"version-history":[{"count":4,"href":"https:\/\/www.anaprats.com\/ca\/wp-json\/wp\/v2\/pages\/6083\/revisions"}],"predecessor-version":[{"id":6174,"href":"https:\/\/www.anaprats.com\/ca\/wp-json\/wp\/v2\/pages\/6083\/revisions\/6174"}],"wp:attachment":[{"href":"https:\/\/www.anaprats.com\/ca\/wp-json\/wp\/v2\/media?parent=6083"}],"curies":[{"name":"wp","href":"https:\/\/api.w.org\/{rel}","templated":true}]}}