{"id":6116,"date":"2026-03-16T10:37:41","date_gmt":"2026-03-16T09:37:41","guid":{"rendered":"https:\/\/www.anaprats.com\/politica-de-cookies\/"},"modified":"2026-04-10T10:56:23","modified_gmt":"2026-04-10T08:56:23","slug":"politica-de-cookies","status":"publish","type":"page","link":"https:\/\/www.anaprats.com\/ca\/politica-de-cookies\/","title":{"rendered":"Pol\u00edtica de cookies"},"content":{"rendered":"<div class=\"wpb-content-wrapper\"><p>[vc_row][vc_column]<div class=\"ult-spacer spacer-69e1bb1a98082\" data-id=\"69e1bb1a98082\" data-height=\"115\" data-height-mobile=\"50\" data-height-tab=\"\" data-height-tab-portrait=\"90\" data-height-mobile-landscape=\"75\" style=\"clear:both;display:block;\"><\/div>[vc_column_text css=&#8221;&#8221;]Ana Prats, a trav\u00e9s del present document, recull la seva Pol\u00edtica de recollida i tractament de galetes, en compliment del que disposa l&#8217;article 22.2 de la Llei 34\/2002, d&#8217;11 de juliol, de Serveis de la societat de la Informaci\u00f3 i de Comer\u00e7 Electr\u00f2nic (LSSI-CE).[\/vc_column_text][vc_column_text css=&#8221;&#8221;]Les cookies s&#8217;emmagatzemen a l&#8217;equip terminal de l&#8217;usuari (ordinador o dispositiu m\u00f2bil) i recopilen informaci\u00f3 en visitar la p\u00e0gina web www.anaprats.com, per tal de millorar-ne la usabilitat, con\u00e8ixer els h\u00e0bits o necessitats de navegaci\u00f3 dels usuaris per poder adaptar-s&#8217;hi, aix\u00ed com obtenir informaci\u00f3 amb finalitats estad\u00edstiques. En el cas d&#8217;aquells usuaris que siguin clients d&#8217;Ana Prats, la informaci\u00f3 recollida amb les galetes servir\u00e0 tamb\u00e9 per a la seva identificaci\u00f3 en accedir a les diferents eines que Ana Prats posa a la vostra disposici\u00f3 per a la gesti\u00f3 dels serveis.[\/vc_column_text][vc_column_text css=&#8221;&#8221;]Aquesta Pol\u00edtica de cookies ser\u00e0 aplicable a aquells usuaris que volunt\u00e0riament visitin les p\u00e0gines web d&#8217;Ana Prats, omplin formularis de recollida de dades, accedeixin a les eines que Ana Prats posa a disposici\u00f3 dels seus clients per gestionar els seus serveis, o utilitzin qualsevol altre servei present al lloc web que impliqui la comunicaci\u00f3 de dades a Prats, o l&#8217;acc\u00e9s a dades per Ana.[\/vc_column_text][vc_column_text css=&#8221;&#8221;]Ana Prats informa els usuaris de les seves p\u00e0gines web, de l&#8217;exist\u00e8ncia de cookies i posa a la seva disposici\u00f3 aquesta Pol\u00edtica per informar-los sobre l&#8217;\u00fas i l&#8217;objecte de les mateixes. El fet de continuar la navegaci\u00f3 a trav\u00e9s de les p\u00e0gines suposa el coneixement i l&#8217;acceptaci\u00f3 de la present Pol\u00edtica per part d&#8217;aquests usuaris.[\/vc_column_text][vc_column_text css=&#8221;&#8221;]Ana Prats utilitza els seg\u00fcents tipus de cookies:[\/vc_column_text][vc_column_text css=&#8221;&#8221;]<strong>CLASSIFICADES SEGONS LA SEVA TITULARITAT<\/strong>[\/vc_column_text][vc_column_text css=&#8221;&#8221;]Cookies pr\u00f2pies: enviades i gestionades directament per Ana Prats.<br \/>\n Galetes de tercers: enviades i gestionades per un tercer ali\u00e8 a Ana Prats, de forma an\u00f2nima, per tal de realitzar estudis estad\u00edstics de navegaci\u00f3 per les p\u00e0gines web d&#8217;Ana Prats.[\/vc_column_text][vc_column_text css=&#8221;&#8221;]<strong>CLASSIFICADES SEGONS LA SEVA FINALITAT<\/strong>[\/vc_column_text][vc_column_text css=&#8221;&#8221;]Galetes t\u00e8cniques i\/o de personalitzaci\u00f3: faciliten la navegaci\u00f3 en identificar la sessi\u00f3, permetre l&#8217;acc\u00e9s a eines d&#8217;acc\u00e9s restringit, a m\u00e9s de configurar a mida les opcions disponibles. Possibiliten la prestaci\u00f3 del servei pr\u00e8viament sol\u00b7licitat per lusuari.<br \/>\n Galetes d&#8217;an\u00e0lisi i\/o publicitat: permeten con\u00e8ixer el nombre de visites rebudes a les diferents seccions de les p\u00e0gines web, els h\u00e0bits i tend\u00e8ncies dels seus usuaris i, en conseq\u00fc\u00e8ncia, poder millorar la navegaci\u00f3 i el servei ofert per Ana Prats (fonamentalment, Google Analytics), aix\u00ed com gestionar els espais publicitaris inclosos a la p\u00e0gina web visitada per l&#8217;usuari. Recull dades de manera an\u00f2nima per obtenir perfils de navegaci\u00f3 dels usuaris.[\/vc_column_text][vc_column_text css=&#8221;&#8221;]<strong>CLASSIFICADES SEGONS LA SEVA DURADA<\/strong>[\/vc_column_text][vc_column_text css=&#8221;&#8221;]Galetes de sessi\u00f3: recullen i emmagatzemen les dades mentre l&#8217;usuari accedeix a la p\u00e0gina web.<br \/>\n Cookies persistents: recullen i emmagatzemen les dades al terminal de l&#8217;usuari durant un per\u00edode de temps variable en funci\u00f3 de quina sigui la finalitat per a la qual han estat utilitzades.<br \/>\n El temps de conservaci\u00f3 de les galetes dependr\u00e0 del tipus de qu\u00e8 es tracti i ser\u00e0 sempre el m\u00ednim indispensable per complir la seva finalitat.[\/vc_column_text][vc_column_text css=&#8221;&#8221;]En qualsevol cas, els usuaris poden configurar el navegador, de manera que es desactivi o bloquegi la recepci\u00f3 de totes o algunes de les galetes. No desitjar rebre aquestes cookies, no constitueix un impediment per poder accedir a la informaci\u00f3 dels llocs web d&#8217;Ana Prats encara que l&#8217;\u00fas d&#8217;alguns serveis podr\u00e0 ser limitat. Si un cop atorgat el consentiment per a la recepci\u00f3 de cookies es vol retirar, s&#8217;eliminaran aquelles cookies emmagatzemades a l&#8217;equip de l&#8217;usuari, a trav\u00e9s de les opcions dels diferents navegadors.[\/vc_column_text][vc_column_text css=&#8221;&#8221;]La forma de configurar els diferents navegadors per exercitar les accions assenyalades als par\u00e0grafs anteriors, es pot consultar a:[\/vc_column_text][vc_column_text css=&#8221;&#8221;]Explorer: https:\/\/support.microsoft.com\/es-es\/help\/17479\/windows-internet-explorer-11-change-security-privacy-settings<br \/>\n Chrome: https:\/\/support.google.com\/chrome\/answer\/95647?hl=ca<br \/>\n Firefox: http:\/\/support.mozilla.org\/es\/kb\/cookies-informacion-que-los-sitios-web-guardan-en-?redirectlocale=en-US&amp;redirectslug=Cookies<br \/>\n Safari: https:\/\/support.apple.com\/kb\/ph21411?locale=ca_ES[\/vc_column_text][vc_column_text css=&#8221;&#8221;]En qualsevol cas, el temps de conservaci\u00f3 ser\u00e0 l&#8217;indispensable i es podr\u00e0 mantenir com a m\u00ednim:[\/vc_column_text][vc_column_text css=&#8221;&#8221;]4 anys: Llei sobre infraccions i sancions a l&#8217;ordre social (obligacions en mat\u00e8ria d&#8217;afiliaci\u00f3, altes, baixes, cotitzaci\u00f3, pagament de salaris\u2026); Arts. 66 i s. Llei general tribut\u00e0ria (llibres de comptabilitat\u2026)<br \/>\n 5 anys: Art. 1964 Codi Civil (accions personals sense termini especial)<br \/>\n 6 anys: Art. 30 Codi de Comer\u00e7 (llibres de comptabilitat, factures\u2026)<br \/>\n 10 anys: Art. 25 Llei de Prevenci\u00f3 del Blanqueig de Capitals i Finan\u00e7ament del Terrorisme.[\/vc_column_text][vc_column_text css=&#8221;&#8221;]<strong>GOOGLE ANALYTICS<\/strong>[\/vc_column_text][vc_column_text css=&#8221;&#8221;]Aquesta p\u00e0gina web utilitza Google Analytics, un servei anal\u00edtic web proporcionat per Google, Inc. (Google, ara endavant). Google Analytics utilitza les anomenades \u201ccookies\u201d, arxius de text que s&#8217;instal\u00b7len a l&#8217;ordinador i que fan possible l&#8217;an\u00e0lisi del comportament dels usuaris a Internet. La informaci\u00f3 que genera la galeta sobre l&#8217;\u00fas que realitza l&#8217;usuari de la p\u00e0gina web es transmet i s&#8217;emmagatzema generalment als servidors de Google dels Estats Units. En cas d&#8217;activar l&#8217;opci\u00f3 d&#8217;IP an\u00f2nima a la p\u00e0gina web, l&#8217;adre\u00e7a IP no apareixer\u00e0 completa dins els pa\u00efsos de la Uni\u00f3 Europea o altres pa\u00efsos que aix\u00ed ho hagin acordat dins l&#8217;espai econ\u00f2mic de la Uni\u00f3 Europea.[\/vc_column_text][vc_column_text css=&#8221;&#8221;]Nom\u00e9s excepcionalment es transmetr\u00e0 l&#8217;adre\u00e7a IP completa a un servidor de Google als Estats Units i un cop s&#8217;escur\u00e7ar\u00e0 all\u00e0. \u00danicament amb autoritzaci\u00f3 de l&#8217;usuari de la p\u00e0gina, Google utilitzar\u00e0 aquesta informaci\u00f3 per valorar el comportament de l&#8217;usuari a la p\u00e0gina web, generar informes sobre les activitats de la p\u00e0gina i oferir al propietari de la p\u00e0gina serveis relacionats amb l&#8217;\u00fas web i Internet. L&#8217;adre\u00e7a IP transmesa pel vostre navegador en el marc de Google Analytics no s&#8217;associar\u00e0 a altres dades de Google. L&#8217;usuari pot evitar l&#8217;emmagatzematge de galetes configurant el navegador corresponent de manera que no s&#8217;emmagatzemin les galetes. Aquesta configuraci\u00f3 pot afectar la plena funcionalitat de la p\u00e0gina web. Amb l\u00fas daquesta web, lusuari est\u00e0 dacord amb el processament de dades per Google de la forma anteriorment esmentada. L&#8217;usuari tamb\u00e9 pot evitar el registre de les dades generades per les cookies i de les relacionades amb l&#8217;\u00fas de la p\u00e0gina web (inclosa l&#8217;adre\u00e7a IP), aix\u00ed com el processament de les mateixes descarregant i instal\u00b7lant el seg\u00fcent plugin per al navegador disponible a trav\u00e9s d&#8217;aquest link: http:\/\/tools.google.com\/dlpage\/gaoptout[\/vc_column_text][vc_column_text css=&#8221;&#8221;]M\u00e9s informaci\u00f3 sobre els termes i les condicions d&#8217;\u00fas i la pol\u00edtica de privadesa en les condicions d&#8217;\u00fas de Google Analytics o en les condicions generals de Google Analytics. Tingueu en compte que en aquesta p\u00e0gina el codi de Google analytics inclou l&#8217;etiqueta \u201cgat._anonymizeIp();\u201d, que assegura la recol\u00b7lecci\u00f3 d&#8217;adreces IP de forma an\u00f2nima (m\u00e0scara d&#8217;IP).[\/vc_column_text]<div class=\"ult-spacer spacer-69e1bb1a980b9\" data-id=\"69e1bb1a980b9\" data-height=\"120\" data-height-mobile=\"50\" data-height-tab=\"\" data-height-tab-portrait=\"90\" data-height-mobile-landscape=\"75\" style=\"clear:both;display:block;\"><\/div>[\/vc_column][\/vc_row]<\/p>\n<\/div>","protected":false},"excerpt":{"rendered":"<p>[vc_row][vc_column][vc_column_text css=&#8221;&#8221;]Ana Prats, a trav\u00e9s del present document, recull la seva Pol\u00edtica de recollida i tractament de galetes, en compliment del que disposa l&#8217;article 22.2 de la Llei 34\/2002, d&#8217;11 de juliol, de Serveis de la societat de la Informaci\u00f3 i de Comer\u00e7 Electr\u00f2nic (LSSI-CE).[\/vc_column_text][vc_column_text css=&#8221;&#8221;]Les cookies s&#8217;emmagatzemen a l&#8217;equip terminal de l&#8217;usuari (ordinador o [&hellip;]<\/p>\n","protected":false},"author":1,"featured_media":0,"parent":0,"menu_order":0,"comment_status":"closed","ping_status":"closed","template":"page.php","meta":{"_monsterinsights_skip_tracking":false,"_monsterinsights_sitenote_active":false,"_monsterinsights_sitenote_note":"","_monsterinsights_sitenote_category":0,"footnotes":""},"class_list":["post-6116","page","type-page","status-publish","hentry"],"yoast_head":"<!-- This site is optimized with the Yoast SEO plugin v27.3 - https:\/\/yoast.com\/product\/yoast-seo-wordpress\/ -->\n<title>Pol\u00edtica de cookies - Ana Prats<\/title>\n<meta name=\"robots\" content=\"noindex, nofollow\" \/>\n<meta property=\"og:locale\" content=\"ca_ES\" \/>\n<meta property=\"og:type\" content=\"article\" \/>\n<meta property=\"og:title\" content=\"Pol\u00edtica de cookies - Ana Prats\" \/>\n<meta property=\"og:description\" content=\"[vc_row][vc_column][vc_column_text css=&#8221;&#8221;]Ana Prats, a trav\u00e9s del present document, recull la seva Pol\u00edtica de recollida i tractament de galetes, en compliment del que disposa l&#8217;article 22.2 de la Llei 34\/2002, d&#8217;11 de juliol, de Serveis de la societat de la Informaci\u00f3 i de Comer\u00e7 Electr\u00f2nic (LSSI-CE).[\/vc_column_text][vc_column_text css=&#8221;&#8221;]Les cookies s&#8217;emmagatzemen a l&#8217;equip terminal de l&#8217;usuari (ordinador o [&hellip;]\" \/>\n<meta property=\"og:url\" content=\"https:\/\/www.anaprats.com\/ca\/politica-de-cookies\/\" \/>\n<meta property=\"og:site_name\" content=\"Ana Prats\" \/>\n<meta property=\"article:modified_time\" content=\"2026-04-10T08:56:23+00:00\" \/>\n<meta name=\"twitter:card\" content=\"summary_large_image\" \/>\n<meta name=\"twitter:label1\" content=\"Temps estimat de lectura\" \/>\n\t<meta name=\"twitter:data1\" content=\"7 minuts\" \/>\n<script type=\"application\/ld+json\" class=\"yoast-schema-graph\">{\"@context\":\"https:\\\/\\\/schema.org\",\"@graph\":[{\"@type\":\"WebPage\",\"@id\":\"https:\\\/\\\/www.anaprats.com\\\/ca\\\/politica-de-cookies\\\/\",\"url\":\"https:\\\/\\\/www.anaprats.com\\\/ca\\\/politica-de-cookies\\\/\",\"name\":\"Pol\u00edtica de cookies - Ana Prats\",\"isPartOf\":{\"@id\":\"https:\\\/\\\/www.anaprats.com\\\/ca\\\/#website\"},\"datePublished\":\"2026-03-16T09:37:41+00:00\",\"dateModified\":\"2026-04-10T08:56:23+00:00\",\"breadcrumb\":{\"@id\":\"https:\\\/\\\/www.anaprats.com\\\/ca\\\/politica-de-cookies\\\/#breadcrumb\"},\"inLanguage\":\"ca\",\"potentialAction\":[{\"@type\":\"ReadAction\",\"target\":[\"https:\\\/\\\/www.anaprats.com\\\/ca\\\/politica-de-cookies\\\/\"]}]},{\"@type\":\"BreadcrumbList\",\"@id\":\"https:\\\/\\\/www.anaprats.com\\\/ca\\\/politica-de-cookies\\\/#breadcrumb\",\"itemListElement\":[{\"@type\":\"ListItem\",\"position\":1,\"name\":\"Portada\",\"item\":\"https:\\\/\\\/www.anaprats.com\\\/ca\\\/\"},{\"@type\":\"ListItem\",\"position\":2,\"name\":\"Pol\u00edtica de cookies\"}]},{\"@type\":\"WebSite\",\"@id\":\"https:\\\/\\\/www.anaprats.com\\\/ca\\\/#website\",\"url\":\"https:\\\/\\\/www.anaprats.com\\\/ca\\\/\",\"name\":\"Ana Prats\",\"description\":\"\",\"publisher\":{\"@id\":\"https:\\\/\\\/www.anaprats.com\\\/ca\\\/#organization\"},\"potentialAction\":[{\"@type\":\"SearchAction\",\"target\":{\"@type\":\"EntryPoint\",\"urlTemplate\":\"https:\\\/\\\/www.anaprats.com\\\/ca\\\/?s={search_term_string}\"},\"query-input\":{\"@type\":\"PropertyValueSpecification\",\"valueRequired\":true,\"valueName\":\"search_term_string\"}}],\"inLanguage\":\"ca\"},{\"@type\":\"Organization\",\"@id\":\"https:\\\/\\\/www.anaprats.com\\\/ca\\\/#organization\",\"name\":\"Ana Prats\",\"url\":\"https:\\\/\\\/www.anaprats.com\\\/ca\\\/\",\"logo\":{\"@type\":\"ImageObject\",\"inLanguage\":\"ca\",\"@id\":\"https:\\\/\\\/www.anaprats.com\\\/ca\\\/#\\\/schema\\\/logo\\\/image\\\/\",\"url\":\"https:\\\/\\\/www.anaprats.com\\\/wp-content\\\/uploads\\\/2026\\\/02\\\/logo-footer.png\",\"contentUrl\":\"https:\\\/\\\/www.anaprats.com\\\/wp-content\\\/uploads\\\/2026\\\/02\\\/logo-footer.png\",\"width\":61,\"height\":61,\"caption\":\"Ana Prats\"},\"image\":{\"@id\":\"https:\\\/\\\/www.anaprats.com\\\/ca\\\/#\\\/schema\\\/logo\\\/image\\\/\"}}]}<\/script>\n<!-- \/ Yoast SEO plugin. -->","yoast_head_json":{"title":"Pol\u00edtica de cookies - Ana Prats","robots":{"index":"noindex","follow":"nofollow"},"og_locale":"ca_ES","og_type":"article","og_title":"Pol\u00edtica de cookies - Ana Prats","og_description":"[vc_row][vc_column][vc_column_text css=&#8221;&#8221;]Ana Prats, a trav\u00e9s del present document, recull la seva Pol\u00edtica de recollida i tractament de galetes, en compliment del que disposa l&#8217;article 22.2 de la Llei 34\/2002, d&#8217;11 de juliol, de Serveis de la societat de la Informaci\u00f3 i de Comer\u00e7 Electr\u00f2nic (LSSI-CE).[\/vc_column_text][vc_column_text css=&#8221;&#8221;]Les cookies s&#8217;emmagatzemen a l&#8217;equip terminal de l&#8217;usuari (ordinador o [&hellip;]","og_url":"https:\/\/www.anaprats.com\/ca\/politica-de-cookies\/","og_site_name":"Ana Prats","article_modified_time":"2026-04-10T08:56:23+00:00","twitter_card":"summary_large_image","twitter_misc":{"Temps estimat de lectura":"7 minuts"},"schema":{"@context":"https:\/\/schema.org","@graph":[{"@type":"WebPage","@id":"https:\/\/www.anaprats.com\/ca\/politica-de-cookies\/","url":"https:\/\/www.anaprats.com\/ca\/politica-de-cookies\/","name":"Pol\u00edtica de cookies - Ana Prats","isPartOf":{"@id":"https:\/\/www.anaprats.com\/ca\/#website"},"datePublished":"2026-03-16T09:37:41+00:00","dateModified":"2026-04-10T08:56:23+00:00","breadcrumb":{"@id":"https:\/\/www.anaprats.com\/ca\/politica-de-cookies\/#breadcrumb"},"inLanguage":"ca","potentialAction":[{"@type":"ReadAction","target":["https:\/\/www.anaprats.com\/ca\/politica-de-cookies\/"]}]},{"@type":"BreadcrumbList","@id":"https:\/\/www.anaprats.com\/ca\/politica-de-cookies\/#breadcrumb","itemListElement":[{"@type":"ListItem","position":1,"name":"Portada","item":"https:\/\/www.anaprats.com\/ca\/"},{"@type":"ListItem","position":2,"name":"Pol\u00edtica de cookies"}]},{"@type":"WebSite","@id":"https:\/\/www.anaprats.com\/ca\/#website","url":"https:\/\/www.anaprats.com\/ca\/","name":"Ana Prats","description":"","publisher":{"@id":"https:\/\/www.anaprats.com\/ca\/#organization"},"potentialAction":[{"@type":"SearchAction","target":{"@type":"EntryPoint","urlTemplate":"https:\/\/www.anaprats.com\/ca\/?s={search_term_string}"},"query-input":{"@type":"PropertyValueSpecification","valueRequired":true,"valueName":"search_term_string"}}],"inLanguage":"ca"},{"@type":"Organization","@id":"https:\/\/www.anaprats.com\/ca\/#organization","name":"Ana Prats","url":"https:\/\/www.anaprats.com\/ca\/","logo":{"@type":"ImageObject","inLanguage":"ca","@id":"https:\/\/www.anaprats.com\/ca\/#\/schema\/logo\/image\/","url":"https:\/\/www.anaprats.com\/wp-content\/uploads\/2026\/02\/logo-footer.png","contentUrl":"https:\/\/www.anaprats.com\/wp-content\/uploads\/2026\/02\/logo-footer.png","width":61,"height":61,"caption":"Ana Prats"},"image":{"@id":"https:\/\/www.anaprats.com\/ca\/#\/schema\/logo\/image\/"}}]}},"_links":{"self":[{"href":"https:\/\/www.anaprats.com\/ca\/wp-json\/wp\/v2\/pages\/6116","targetHints":{"allow":["GET"]}}],"collection":[{"href":"https:\/\/www.anaprats.com\/ca\/wp-json\/wp\/v2\/pages"}],"about":[{"href":"https:\/\/www.anaprats.com\/ca\/wp-json\/wp\/v2\/types\/page"}],"author":[{"embeddable":true,"href":"https:\/\/www.anaprats.com\/ca\/wp-json\/wp\/v2\/users\/1"}],"replies":[{"embeddable":true,"href":"https:\/\/www.anaprats.com\/ca\/wp-json\/wp\/v2\/comments?post=6116"}],"version-history":[{"count":4,"href":"https:\/\/www.anaprats.com\/ca\/wp-json\/wp\/v2\/pages\/6116\/revisions"}],"predecessor-version":[{"id":6172,"href":"https:\/\/www.anaprats.com\/ca\/wp-json\/wp\/v2\/pages\/6116\/revisions\/6172"}],"wp:attachment":[{"href":"https:\/\/www.anaprats.com\/ca\/wp-json\/wp\/v2\/media?parent=6116"}],"curies":[{"name":"wp","href":"https:\/\/api.w.org\/{rel}","templated":true}]}}