{"id":6123,"date":"2026-03-16T10:36:24","date_gmt":"2026-03-16T09:36:24","guid":{"rendered":"https:\/\/www.anaprats.com\/politica-de-privadesa\/"},"modified":"2026-04-10T10:57:37","modified_gmt":"2026-04-10T08:57:37","slug":"politica-de-privadesa","status":"publish","type":"page","link":"https:\/\/www.anaprats.com\/ca\/politica-de-privadesa\/","title":{"rendered":"Pol\u00edtica de privadesa"},"content":{"rendered":"<div class=\"wpb-content-wrapper\"><p>[vc_row][vc_column]<div class=\"ult-spacer spacer-69e1bb77154fc\" data-id=\"69e1bb77154fc\" data-height=\"115\" data-height-mobile=\"50\" data-height-tab=\"\" data-height-tab-portrait=\"90\" data-height-mobile-landscape=\"75\" style=\"clear:both;display:block;\"><\/div>[vc_column_text css=&#8221;&#8221;]A efectes del que preveu el Reglament (UE) 2016\/679 de 27 d&#8217;abril de 2016, Ana Prats informa a l&#8217;Usuari que les seves dades de car\u00e0cter personal seran tractades per tal de prestar-li els serveis sol\u00b7licitats i enviar-li la informaci\u00f3 sobre la nostra empresa que pugui ser del seu inter\u00e8s.[\/vc_column_text][vc_column_text css=&#8221;&#8221;]<strong>ENVIAMENT I REGISTRE DE DADES DE CAR\u00c0CTER PERSONAL<\/strong>[\/vc_column_text][vc_column_text css=&#8221;&#8221;]L&#8217;enviament de dades de car\u00e0cter personal \u00e9s obligatori per contactar i rebre informaci\u00f3 sobre els serveis prestats per Ana Prats. Aix\u00ed mateix, no facilitar les dades personals sol\u00b7licitades o no acceptar aquesta pol\u00edtica de protecci\u00f3 de dades suposa la impossibilitat de subscriure&#8217;s, registrar-se o rebre informaci\u00f3 d&#8217;aquests serveis.[\/vc_column_text][vc_column_text css=&#8221;&#8221;]Quan les dades de car\u00e0cter personal siguin obtingudes de l&#8217;Usuari a trav\u00e9s de xarxes de comunicacions electr\u00f2niques o en el marc de la prestaci\u00f3 d&#8217;un servei de la societat de la informaci\u00f3, aix\u00ed com en aquells altres sup\u00f2sits expressament establerts per la llei o quan aix\u00ed ho autoritzi l&#8217;Ag\u00e8ncia Espanyola de Protecci\u00f3 de Dades, el responsable del tractament podr\u00e0 donar compliment al deure informaci\u00f3 que estableix l&#8217;article 6 l&#8217;afectat almenys[\/vc_column_text][vc_column_text css=&#8221;&#8221;]a) La identitat del responsable del tractament i del seu representant, si escau.<br \/>\n b) La finalitat del tractament.<br \/>\n c) La manera com l&#8217;afectat podr\u00e0 exercir els drets establerts als articles 15 a 22 del Reglament (UE) 2016\/679.[\/vc_column_text][vc_column_text css=&#8221;&#8221;]No obstant aix\u00f2, els responsables i encarregats del tractament o, si escau, els seus representants han de mantenir el registre d&#8217;activitats de tractament a qu\u00e8 fa refer\u00e8ncia l&#8217;article 30 del Reglament (UE) 2016\/679, llevat que l&#8217;empresa o l&#8217;organitzaci\u00f3 ocupin menys de 250 persones, llevat que el tractament que realitzi pugui comportar un risc per a especials de dades personals indicades i infraccions penals a qu\u00e8 fa refer\u00e8ncia l&#8217;article 10 del Reglament (UE) 2016\/679.[\/vc_column_text][vc_column_text css=&#8221;&#8221;]Finalment, l&#8217;article 5.1.f) del Reglament (UE) 2016\/679 determina la necessitat establir garanties de seguretat adequades contra el tractament no autoritzat o il\u00b7l\u00edcit, contra la p\u00e8rdua de les dades personals, la destrucci\u00f3 o el dany accidental. Aix\u00f2 implica l&#8217;establiment de mesures t\u00e8cniques i organitzatives encaminades a assegurar la integritat i la confidencialitat de les dades personals i la possibilitat (article 5.2) de demostrar que aquestes mesures s&#8217;han dut a la pr\u00e0ctica (responsabilitat proactiva).[\/vc_column_text][vc_column_text css=&#8221;&#8221;]<strong>EXACTITUD I VERACITAT DE LES DADES FACILITATS<\/strong>[\/vc_column_text][vc_column_text css=&#8221;&#8221;]L&#8217;Usuari que envia la informaci\u00f3 a Ana Prats \u00e9s l&#8217;\u00fanic responsable de la veracitat i correcci\u00f3 de les dades incloses, exonerant-se Ana Prats de qualsevol responsabilitat al respecte.[\/vc_column_text][vc_column_text css=&#8221;&#8221;]Els usuaris garanteixen i responen, en qualsevol cas, de l&#8217;exactitud, vig\u00e8ncia i autenticitat de les dades personals facilitades, i es comprometen a mantenir-les degudament actualitzades. L&#8217;Usuari accepta proporcionar informaci\u00f3 completa i correcta al formulari de registre o subscripci\u00f3.[\/vc_column_text][vc_column_text css=&#8221;&#8221;]Ana Prats no respon de la veracitat de les informacions que no siguin d&#8217;elaboraci\u00f3 pr\u00f2pia i de les quals s&#8217;indiqui una altra font, per la qual cosa tampoc no assumeix cap responsabilitat quant a hipot\u00e8tics perjudicis que es puguin originar per l&#8217;\u00fas d&#8217;aquesta informaci\u00f3. S&#8217;exonera Ana Prats de responsabilitat davant de qualsevol dany o perjudici que pogu\u00e9s patir l&#8217;Usuari com a conseq\u00fc\u00e8ncia d&#8217;errors, defectes o omissions, en la informaci\u00f3 facilitada per Ana Prats sempre que procedeixi de fonts alienes a Ana Prats.[\/vc_column_text][vc_column_text css=&#8221;&#8221;]<strong>CESSI\u00d3 DE DADES A TERCERS<\/strong>[\/vc_column_text][vc_column_text css=&#8221;&#8221;]Ana Prats no cedir\u00e0 les vostres dades personals a tercers. Aix\u00f2 no obstant, en el cas de ser cedits a algun tercer es produiria una informaci\u00f3 pr\u00e8via sol\u00b7licitant el consentiment expr\u00e9s de l&#8217;afectat en virtut de l&#8217;article 4.11 del Reglament (UE) 2016\/679 de 27 d&#8217;abril de 2016.[\/vc_column_text][vc_column_text css=&#8221;&#8221;]<strong>CONSERVACI\u00d3 DE LES DADES<\/strong>[\/vc_column_text][vc_column_text css=&#8221;&#8221;]En qualsevol cas, el temps de conservaci\u00f3 ser\u00e0 l&#8217;indispensable i es podr\u00e0 mantenir com a m\u00ednim:[\/vc_column_text][vc_column_text css=&#8221;&#8221;]4 anys: Llei sobre infraccions i sancions a l&#8217;ordre social (obligacions en mat\u00e8ria d&#8217;afiliaci\u00f3, altes, baixes, cotitzaci\u00f3, pagament de salaris\u2026); Art. 66 i s. Llei general tribut\u00e0ria (llibres de comptabilitat\u2026)<br \/>\n 5 anys: Art. 1964 Codi Civil (accions personals sense termini especial)<br \/>\n 6 anys: Art. 30 Codi de Comer\u00e7 (llibres de comptabilitat, factures\u2026)<br \/>\n 10 anys: Art. 25 Llei de Prevenci\u00f3 del Blanqueig de Capitals i Finan\u00e7ament del Terrorisme.[\/vc_column_text][vc_column_text css=&#8221;&#8221;]<strong>EXERCICI DE DRETS D&#8217;ACC\u00c9S, RECTIFICACI\u00d3, SUPRESSI\u00d3, LIMITACI\u00d3, PORTABILITAT I OPOSICI\u00d3<\/strong>[\/vc_column_text][vc_column_text css=&#8221;&#8221;]Podreu dirigir les vostres comunicacions i exercitar els drets d&#8217;acc\u00e9s, rectificaci\u00f3, supressi\u00f3, limitaci\u00f3, portabilitat i oposici\u00f3 a trav\u00e9s de correu postal al Carrer del Pin 11 pis 1, porta 6 08002 Barcelona oa l&#8217;email info@anaprats.com juntament amb prova v\u00e0lida en dret, com a fotoc\u00f2pia del DN. i indicant a l&#8217;assumpte &#8220;PROTECCI\u00d3 DE DADES&#8221;.[\/vc_column_text][vc_column_text css=&#8221;&#8221;]<strong>ACCEPTACI\u00d3 I CONSENTIMENT<\/strong>[\/vc_column_text][vc_column_text css=&#8221;&#8221;]L&#8217;Usuari declara haver estat informat de les condicions sobre protecci\u00f3 de dades de car\u00e0cter personal, acceptant i consentint-ne el tractament per part d&#8217;Ana Prats, en la forma i per a les finalitats indicades a la present Pol\u00edtica de Protecci\u00f3 de Dades Personals.[\/vc_column_text]<div class=\"ult-spacer spacer-69e1bb7715533\" data-id=\"69e1bb7715533\" data-height=\"120\" data-height-mobile=\"50\" data-height-tab=\"\" data-height-tab-portrait=\"90\" data-height-mobile-landscape=\"75\" style=\"clear:both;display:block;\"><\/div>[\/vc_column][\/vc_row]<\/p>\n<\/div>","protected":false},"excerpt":{"rendered":"<p>[vc_row][vc_column][vc_column_text css=&#8221;&#8221;]A efectes del que preveu el Reglament (UE) 2016\/679 de 27 d&#8217;abril de 2016, Ana Prats informa a l&#8217;Usuari que les seves dades de car\u00e0cter personal seran tractades per tal de prestar-li els serveis sol\u00b7licitats i enviar-li la informaci\u00f3 sobre la nostra empresa que pugui ser del seu inter\u00e8s.[\/vc_column_text][vc_column_text css=&#8221;&#8221;]ENVIAMENT I REGISTRE DE DADES [&hellip;]<\/p>\n","protected":false},"author":1,"featured_media":0,"parent":0,"menu_order":0,"comment_status":"closed","ping_status":"closed","template":"page.php","meta":{"_monsterinsights_skip_tracking":false,"_monsterinsights_sitenote_active":false,"_monsterinsights_sitenote_note":"","_monsterinsights_sitenote_category":0,"footnotes":""},"class_list":["post-6123","page","type-page","status-publish","hentry"],"yoast_head":"<!-- This site is optimized with the Yoast SEO plugin v27.3 - https:\/\/yoast.com\/product\/yoast-seo-wordpress\/ -->\n<title>Pol\u00edtica de privadesa - Ana Prats<\/title>\n<meta name=\"robots\" content=\"noindex, nofollow\" \/>\n<meta property=\"og:locale\" content=\"ca_ES\" \/>\n<meta property=\"og:type\" content=\"article\" \/>\n<meta property=\"og:title\" content=\"Pol\u00edtica de privadesa - Ana Prats\" \/>\n<meta property=\"og:description\" content=\"[vc_row][vc_column][vc_column_text css=&#8221;&#8221;]A efectes del que preveu el Reglament (UE) 2016\/679 de 27 d&#8217;abril de 2016, Ana Prats informa a l&#8217;Usuari que les seves dades de car\u00e0cter personal seran tractades per tal de prestar-li els serveis sol\u00b7licitats i enviar-li la informaci\u00f3 sobre la nostra empresa que pugui ser del seu inter\u00e8s.[\/vc_column_text][vc_column_text css=&#8221;&#8221;]ENVIAMENT I REGISTRE DE DADES [&hellip;]\" \/>\n<meta property=\"og:url\" content=\"https:\/\/www.anaprats.com\/ca\/politica-de-privadesa\/\" \/>\n<meta property=\"og:site_name\" content=\"Ana Prats\" \/>\n<meta property=\"article:modified_time\" content=\"2026-04-10T08:57:37+00:00\" \/>\n<meta name=\"twitter:card\" content=\"summary_large_image\" \/>\n<meta name=\"twitter:label1\" content=\"Temps estimat de lectura\" \/>\n\t<meta name=\"twitter:data1\" content=\"5 minuts\" \/>\n<script type=\"application\/ld+json\" class=\"yoast-schema-graph\">{\"@context\":\"https:\\\/\\\/schema.org\",\"@graph\":[{\"@type\":\"WebPage\",\"@id\":\"https:\\\/\\\/www.anaprats.com\\\/ca\\\/politica-de-privadesa\\\/\",\"url\":\"https:\\\/\\\/www.anaprats.com\\\/ca\\\/politica-de-privadesa\\\/\",\"name\":\"Pol\u00edtica de privadesa - Ana Prats\",\"isPartOf\":{\"@id\":\"https:\\\/\\\/www.anaprats.com\\\/ca\\\/#website\"},\"datePublished\":\"2026-03-16T09:36:24+00:00\",\"dateModified\":\"2026-04-10T08:57:37+00:00\",\"breadcrumb\":{\"@id\":\"https:\\\/\\\/www.anaprats.com\\\/ca\\\/politica-de-privadesa\\\/#breadcrumb\"},\"inLanguage\":\"ca\",\"potentialAction\":[{\"@type\":\"ReadAction\",\"target\":[\"https:\\\/\\\/www.anaprats.com\\\/ca\\\/politica-de-privadesa\\\/\"]}]},{\"@type\":\"BreadcrumbList\",\"@id\":\"https:\\\/\\\/www.anaprats.com\\\/ca\\\/politica-de-privadesa\\\/#breadcrumb\",\"itemListElement\":[{\"@type\":\"ListItem\",\"position\":1,\"name\":\"Portada\",\"item\":\"https:\\\/\\\/www.anaprats.com\\\/ca\\\/\"},{\"@type\":\"ListItem\",\"position\":2,\"name\":\"Pol\u00edtica de privadesa\"}]},{\"@type\":\"WebSite\",\"@id\":\"https:\\\/\\\/www.anaprats.com\\\/ca\\\/#website\",\"url\":\"https:\\\/\\\/www.anaprats.com\\\/ca\\\/\",\"name\":\"Ana Prats\",\"description\":\"\",\"publisher\":{\"@id\":\"https:\\\/\\\/www.anaprats.com\\\/ca\\\/#organization\"},\"potentialAction\":[{\"@type\":\"SearchAction\",\"target\":{\"@type\":\"EntryPoint\",\"urlTemplate\":\"https:\\\/\\\/www.anaprats.com\\\/ca\\\/?s={search_term_string}\"},\"query-input\":{\"@type\":\"PropertyValueSpecification\",\"valueRequired\":true,\"valueName\":\"search_term_string\"}}],\"inLanguage\":\"ca\"},{\"@type\":\"Organization\",\"@id\":\"https:\\\/\\\/www.anaprats.com\\\/ca\\\/#organization\",\"name\":\"Ana Prats\",\"url\":\"https:\\\/\\\/www.anaprats.com\\\/ca\\\/\",\"logo\":{\"@type\":\"ImageObject\",\"inLanguage\":\"ca\",\"@id\":\"https:\\\/\\\/www.anaprats.com\\\/ca\\\/#\\\/schema\\\/logo\\\/image\\\/\",\"url\":\"https:\\\/\\\/www.anaprats.com\\\/wp-content\\\/uploads\\\/2026\\\/02\\\/logo-footer.png\",\"contentUrl\":\"https:\\\/\\\/www.anaprats.com\\\/wp-content\\\/uploads\\\/2026\\\/02\\\/logo-footer.png\",\"width\":61,\"height\":61,\"caption\":\"Ana Prats\"},\"image\":{\"@id\":\"https:\\\/\\\/www.anaprats.com\\\/ca\\\/#\\\/schema\\\/logo\\\/image\\\/\"}}]}<\/script>\n<!-- \/ Yoast SEO plugin. -->","yoast_head_json":{"title":"Pol\u00edtica de privadesa - Ana Prats","robots":{"index":"noindex","follow":"nofollow"},"og_locale":"ca_ES","og_type":"article","og_title":"Pol\u00edtica de privadesa - Ana Prats","og_description":"[vc_row][vc_column][vc_column_text css=&#8221;&#8221;]A efectes del que preveu el Reglament (UE) 2016\/679 de 27 d&#8217;abril de 2016, Ana Prats informa a l&#8217;Usuari que les seves dades de car\u00e0cter personal seran tractades per tal de prestar-li els serveis sol\u00b7licitats i enviar-li la informaci\u00f3 sobre la nostra empresa que pugui ser del seu inter\u00e8s.[\/vc_column_text][vc_column_text css=&#8221;&#8221;]ENVIAMENT I REGISTRE DE DADES [&hellip;]","og_url":"https:\/\/www.anaprats.com\/ca\/politica-de-privadesa\/","og_site_name":"Ana Prats","article_modified_time":"2026-04-10T08:57:37+00:00","twitter_card":"summary_large_image","twitter_misc":{"Temps estimat de lectura":"5 minuts"},"schema":{"@context":"https:\/\/schema.org","@graph":[{"@type":"WebPage","@id":"https:\/\/www.anaprats.com\/ca\/politica-de-privadesa\/","url":"https:\/\/www.anaprats.com\/ca\/politica-de-privadesa\/","name":"Pol\u00edtica de privadesa - Ana Prats","isPartOf":{"@id":"https:\/\/www.anaprats.com\/ca\/#website"},"datePublished":"2026-03-16T09:36:24+00:00","dateModified":"2026-04-10T08:57:37+00:00","breadcrumb":{"@id":"https:\/\/www.anaprats.com\/ca\/politica-de-privadesa\/#breadcrumb"},"inLanguage":"ca","potentialAction":[{"@type":"ReadAction","target":["https:\/\/www.anaprats.com\/ca\/politica-de-privadesa\/"]}]},{"@type":"BreadcrumbList","@id":"https:\/\/www.anaprats.com\/ca\/politica-de-privadesa\/#breadcrumb","itemListElement":[{"@type":"ListItem","position":1,"name":"Portada","item":"https:\/\/www.anaprats.com\/ca\/"},{"@type":"ListItem","position":2,"name":"Pol\u00edtica de privadesa"}]},{"@type":"WebSite","@id":"https:\/\/www.anaprats.com\/ca\/#website","url":"https:\/\/www.anaprats.com\/ca\/","name":"Ana Prats","description":"","publisher":{"@id":"https:\/\/www.anaprats.com\/ca\/#organization"},"potentialAction":[{"@type":"SearchAction","target":{"@type":"EntryPoint","urlTemplate":"https:\/\/www.anaprats.com\/ca\/?s={search_term_string}"},"query-input":{"@type":"PropertyValueSpecification","valueRequired":true,"valueName":"search_term_string"}}],"inLanguage":"ca"},{"@type":"Organization","@id":"https:\/\/www.anaprats.com\/ca\/#organization","name":"Ana Prats","url":"https:\/\/www.anaprats.com\/ca\/","logo":{"@type":"ImageObject","inLanguage":"ca","@id":"https:\/\/www.anaprats.com\/ca\/#\/schema\/logo\/image\/","url":"https:\/\/www.anaprats.com\/wp-content\/uploads\/2026\/02\/logo-footer.png","contentUrl":"https:\/\/www.anaprats.com\/wp-content\/uploads\/2026\/02\/logo-footer.png","width":61,"height":61,"caption":"Ana Prats"},"image":{"@id":"https:\/\/www.anaprats.com\/ca\/#\/schema\/logo\/image\/"}}]}},"_links":{"self":[{"href":"https:\/\/www.anaprats.com\/ca\/wp-json\/wp\/v2\/pages\/6123","targetHints":{"allow":["GET"]}}],"collection":[{"href":"https:\/\/www.anaprats.com\/ca\/wp-json\/wp\/v2\/pages"}],"about":[{"href":"https:\/\/www.anaprats.com\/ca\/wp-json\/wp\/v2\/types\/page"}],"author":[{"embeddable":true,"href":"https:\/\/www.anaprats.com\/ca\/wp-json\/wp\/v2\/users\/1"}],"replies":[{"embeddable":true,"href":"https:\/\/www.anaprats.com\/ca\/wp-json\/wp\/v2\/comments?post=6123"}],"version-history":[{"count":10,"href":"https:\/\/www.anaprats.com\/ca\/wp-json\/wp\/v2\/pages\/6123\/revisions"}],"predecessor-version":[{"id":6180,"href":"https:\/\/www.anaprats.com\/ca\/wp-json\/wp\/v2\/pages\/6123\/revisions\/6180"}],"wp:attachment":[{"href":"https:\/\/www.anaprats.com\/ca\/wp-json\/wp\/v2\/media?parent=6123"}],"curies":[{"name":"wp","href":"https:\/\/api.w.org\/{rel}","templated":true}]}}