{"id":6130,"date":"2026-02-18T16:12:15","date_gmt":"2026-02-18T15:12:15","guid":{"rendered":"https:\/\/www.anaprats.com\/qui-soc\/"},"modified":"2026-04-10T10:38:59","modified_gmt":"2026-04-10T08:38:59","slug":"qui-soc","status":"publish","type":"page","link":"https:\/\/www.anaprats.com\/ca\/qui-soc\/","title":{"rendered":"Qui s\u00f3c"},"content":{"rendered":"<div class=\"wpb-content-wrapper\"><p>[vc_row bg_type=&#8221;bg_color&#8221; bg_override=&#8221;ex-full&#8221;][vc_column width=&#8221;1\/4&#8243;][\/vc_column][vc_column width=&#8221;1\/2&#8243;]<div class=\"ult-content-box-container \" >\t\t<div class=\"ult-content-box\" style=\"box-shadow: px px px px none;margin-top:-150px;-webkit-transition: all 700ms ease;-moz-transition: all 700ms ease;-ms-transition: all 700ms ease;-o-transition: all 700ms ease;transition: all 700ms ease;\"  data-hover_box_shadow=\"none\"    data-normal_margins=\"margin-top:-150px;\"  >[vc_single_image image=&#8221;6126&#8243; img_size=&#8221;full&#8221; alignment=&#8221;center&#8221; css=&#8221;&#8221; el_class=&#8221;img-quisoc&#8221;]<div class=\"ult-spacer spacer-69e1b3cd02946\" data-id=\"69e1b3cd02946\" data-height=\"30\" data-height-mobile=\"30\" data-height-tab=\"30\" data-height-tab-portrait=\"30\" data-height-mobile-landscape=\"30\" style=\"clear:both;display:block;\"><\/div>[vc_custom_heading text=&#8221;S\u00f3c Ana Prats, fisioterapeuta i acompanyant (acompanyament a persones que desitgen iniciar un proc\u00e9s de) en processos d&apos;autocura i autoconeixement a trav\u00e9s del cos&#8221; font_container=&#8221;tag:p|font_size:24px|text_align:center|color:%23006666|line_height:1.7em&#8221; use_theme_fonts=&#8221;yes&#8221; css=&#8221;&#8221; el_class=&#8221;font-weight-300&#8243;]\t\t<\/div><\/div>[\/vc_column][vc_column width=&#8221;1\/4&#8243;][\/vc_column][\/vc_row][vc_row full_width=&#8221;stretch_row_content_no_spaces&#8221;][vc_column css_animation=&#8221;fadeIn&#8221;]<div class=\"ult-spacer spacer-69e1b3cd0297a\" data-id=\"69e1b3cd0297a\" data-height=\"120\" data-height-mobile=\"50\" data-height-tab=\"\" data-height-tab-portrait=\"90\" data-height-mobile-landscape=\"75\" style=\"clear:both;display:block;\"><\/div>[vc_empty_space height=&#8221;20px&#8221;][vc_separator][vc_empty_space height=&#8221;20px&#8221;]<div class=\"ult-spacer spacer-69e1b3cd0299e\" data-id=\"69e1b3cd0299e\" data-height=\"120\" data-height-mobile=\"50\" data-height-tab=\"\" data-height-tab-portrait=\"90\" data-height-mobile-landscape=\"75\" style=\"clear:both;display:block;\"><\/div>[\/vc_column][\/vc_row][vc_row][vc_column width=&#8221;1\/12&#8243;][\/vc_column][vc_column width=&#8221;10\/12&#8243;][vc_row_inner content_placement=&#8221;middle&#8221;][vc_column_inner width=&#8221;1\/4&#8243;][vc_single_image image=&#8221;6127&#8243; img_size=&#8221;full&#8221; alignment=&#8221;center&#8221; css=&#8221;&#8221;][\/vc_column_inner][vc_column_inner width=&#8221;3\/4&#8243;]<div class=\"ult-content-box-container \" >\t\t<div class=\"ult-content-box\" style=\"box-shadow: px px px px none;padding-left:50px;-webkit-transition: all 700ms ease;-moz-transition: all 700ms ease;-ms-transition: all 700ms ease;-o-transition: all 700ms ease;transition: all 700ms ease;\"  data-hover_box_shadow=\"none\"    >[vc_custom_heading text=&#8221;El meu recorregut professional va comen\u00e7ar a l&apos;\u00e0mbit social i comunitari. Em vaig diplomar en Treball Social i vaig treballar durant anys acompanyant persones en diferents contextos vitals. Aquesta etapa va ser clau per comprendre que la salut no es pot separar de la hist\u00f2ria, l&apos;entorn i les circumst\u00e0ncies de cada persona.&#8221; font_container=&#8221;tag:p|text_align:left|color:%23000000&#8243; use_theme_fonts=&#8221;yes&#8221; css=&#8221;&#8221; el_class=&#8221;align-center&#8221;][vc_custom_heading text=&#8221;Amb el temps vaig sentir la necessitat d&apos;aprofundir en la feina corporal. Em vaig formar a Psicoter\u00e0pia Gestalt i posteriorment a Antigimn\u00e0stica, directament amb la seva creadora, Th\u00e9r\u00e8se Bertherat. Anys m\u00e9s tard vaig completar la meva formaci\u00f3 al M\u00e8tode Diafreo L\u00ednia M amb Mal\u00e9n Cirerol.&#8221; font_container=&#8221;tag:p|text_align:left|color:%23000000&#8243; use_theme_fonts=&#8221;yes&#8221; css=&#8221;&#8221; el_class=&#8221;align-center&#8221;]\t\t<\/div><\/div>[\/vc_column_inner][\/vc_row_inner][\/vc_column][vc_column width=&#8221;1\/12&#8243;][\/vc_column][\/vc_row][vc_row][vc_column width=&#8221;1\/12&#8243;][\/vc_column][vc_column width=&#8221;10\/12&#8243;]<div class=\"ult-spacer spacer-69e1b3cd029fb\" data-id=\"69e1b3cd029fb\" data-height=\"50\" data-height-mobile=\"50\" data-height-tab=\"50\" data-height-tab-portrait=\"\" data-height-mobile-landscape=\"\" style=\"clear:both;display:block;\"><\/div>[vc_row_inner content_placement=&#8221;middle&#8221;][vc_column_inner width=&#8221;7\/12&#8243;]<div class=\"ult-content-box-container \" >\t\t<div class=\"ult-content-box\" style=\"box-shadow: px px px px none;-webkit-transition: all 700ms ease;-moz-transition: all 700ms ease;-ms-transition: all 700ms ease;-o-transition: all 700ms ease;transition: all 700ms ease;\"  data-hover_box_shadow=\"none\"    >[vc_custom_heading text=&#8221;La curiositat per comprendre millor els diagn\u00f2stics i els processos f\u00edsics de les persones que acompanyava em va portar a cursar el Grau en Fisioter\u00e0pia. Integrar la base cl\u00ednica amb el treball corporal conscient va donar forma a la manera com avui exerceixo la meva professi\u00f3.&#8221; font_container=&#8221;tag:p|text_align:left|color:%23000000&#8243; use_theme_fonts=&#8221;yes&#8221; css=&#8221;&#8221; el_class=&#8221;align-center&#8221;]\t\t<\/div><\/div>[\/vc_column_inner][vc_column_inner width=&#8221;5\/12&#8243;][vc_single_image image=&#8221;6128&#8243; img_size=&#8221;full&#8221; alignment=&#8221;center&#8221; css=&#8221;&#8221;][\/vc_column_inner][\/vc_row_inner][\/vc_column][vc_column width=&#8221;1\/12&#8243;][\/vc_column][\/vc_row][vc_row][vc_column width=&#8221;1\/12&#8243;][\/vc_column][vc_column width=&#8221;10\/12&#8243;]<div class=\"ult-spacer spacer-69e1b3cd02a4f\" data-id=\"69e1b3cd02a4f\" data-height=\"50\" data-height-mobile=\"50\" data-height-tab=\"50\" data-height-tab-portrait=\"\" data-height-mobile-landscape=\"\" style=\"clear:both;display:block;\"><\/div>[vc_row_inner content_placement=&#8221;middle&#8221;][vc_column_inner width=&#8221;6\/12&#8243;][vc_single_image image=&#8221;6129&#8243; img_size=&#8221;full&#8221; alignment=&#8221;center&#8221; css=&#8221;&#8221;][\/vc_column_inner][vc_column_inner width=&#8221;6\/12&#8243;]<div class=\"ult-content-box-container \" >\t\t<div class=\"ult-content-box\" style=\"box-shadow: px px px px none;-webkit-transition: all 700ms ease;-moz-transition: all 700ms ease;-ms-transition: all 700ms ease;-o-transition: all 700ms ease;transition: all 700ms ease;\"  data-hover_box_shadow=\"none\"    >[vc_custom_heading text=&#8221;Tamb\u00e9 he participat com a docent a les escoles d&apos;hivern i estiu de l&apos;escola municipal de Psicomotricitat i d&apos;altres. Actualment s\u00f3c docent al Postgrau de Treball Corporal Integratiu (TCI), compartint aquesta mirada amb altres professionals.&#8221; font_container=&#8221;tag:p|text_align:left|color:%23000000&#8243; use_theme_fonts=&#8221;yes&#8221; css=&#8221;&#8221; el_class=&#8221;align-center&#8221;]\t\t<\/div><\/div>[\/vc_column_inner][\/vc_row_inner][\/vc_column][vc_column width=&#8221;1\/12&#8243;][\/vc_column][\/vc_row][vc_row full_width=&#8221;stretch_row_content_no_spaces&#8221;][vc_column css_animation=&#8221;fadeIn&#8221;]<div class=\"ult-spacer spacer-69e1b3cd02a9a\" data-id=\"69e1b3cd02a9a\" data-height=\"120\" data-height-mobile=\"50\" data-height-tab=\"\" data-height-tab-portrait=\"90\" data-height-mobile-landscape=\"75\" style=\"clear:both;display:block;\"><\/div>[vc_empty_space height=&#8221;20px&#8221;][vc_separator][vc_empty_space height=&#8221;20px&#8221;]<div class=\"ult-spacer spacer-69e1b3cd02ab7\" data-id=\"69e1b3cd02ab7\" data-height=\"120\" data-height-mobile=\"50\" data-height-tab=\"\" data-height-tab-portrait=\"90\" data-height-mobile-landscape=\"75\" style=\"clear:both;display:block;\"><\/div>[\/vc_column][\/vc_row][vc_row bg_type=&#8221;bg_color&#8221; bg_override=&#8221;ex-full&#8221;][vc_column width=&#8221;1\/4&#8243;][\/vc_column][vc_column width=&#8221;1\/2&#8243;]<div class=\"ult-content-box-container \" >\t\t<div class=\"ult-content-box\" style=\"box-shadow: px px px px none;-webkit-transition: all 700ms ease;-moz-transition: all 700ms ease;-ms-transition: all 700ms ease;-o-transition: all 700ms ease;transition: all 700ms ease;\"  data-hover_box_shadow=\"none\"    >[vc_custom_heading text=&#8221;El cos t\u00e9 recursos, fins i tot quan sembla bloquejat. Quan se l&apos;escolta amb respecte i precisi\u00f3, es pot reorganitzar.&#8221; font_container=&#8221;tag:p|font_size:24px|text_align:center|color:%23000000|line_height:1.7em&#8221; use_theme_fonts=&#8221;yes&#8221; css=&#8221;&#8221; el_class=&#8221;font-weight-300&#8243;]\t\t<\/div><\/div>[\/vc_column][vc_column width=&#8221;1\/4&#8243;][\/vc_column][\/vc_row][vc_row full_width=&#8221;stretch_row_content_no_spaces&#8221;][vc_column css_animation=&#8221;fadeIn&#8221;]<div class=\"ult-spacer spacer-69e1b3cd02b00\" data-id=\"69e1b3cd02b00\" data-height=\"120\" data-height-mobile=\"50\" data-height-tab=\"\" data-height-tab-portrait=\"90\" data-height-mobile-landscape=\"75\" style=\"clear:both;display:block;\"><\/div>[\/vc_column][\/vc_row]<\/p>\n<\/div>","protected":false},"excerpt":{"rendered":"<p>[vc_row bg_type=&#8221;bg_color&#8221; bg_override=&#8221;ex-full&#8221;][vc_column width=&#8221;1\/4&#8243;][\/vc_column][vc_column width=&#8221;1\/2&#8243;][\/vc_column][vc_column width=&#8221;1\/4&#8243;][\/vc_column][\/vc_row][vc_row full_width=&#8221;stretch_row_content_no_spaces&#8221;][vc_column css_animation=&#8221;fadeIn&#8221;][vc_empty_space height=&#8221;20px&#8221;][vc_separator][vc_empty_space height=&#8221;20px&#8221;][\/vc_column][\/vc_row][vc_row][vc_column width=&#8221;1\/12&#8243;][\/vc_column][vc_column width=&#8221;10\/12&#8243;][vc_row_inner content_placement=&#8221;middle&#8221;][vc_column_inner width=&#8221;1\/4&#8243;][vc_single_image image=&#8221;6127&#8243; img_size=&#8221;full&#8221; alignment=&#8221;center&#8221; css=&#8221;&#8221;][\/vc_column_inner][vc_column_inner width=&#8221;3\/4&#8243;][\/vc_column_inner][\/vc_row_inner][\/vc_column][vc_column width=&#8221;1\/12&#8243;][\/vc_column][\/vc_row][vc_row][vc_column width=&#8221;1\/12&#8243;][\/vc_column][vc_column width=&#8221;10\/12&#8243;][vc_row_inner content_placement=&#8221;middle&#8221;][vc_column_inner width=&#8221;7\/12&#8243;][\/vc_column_inner][vc_column_inner width=&#8221;5\/12&#8243;][vc_single_image image=&#8221;6128&#8243; img_size=&#8221;full&#8221; alignment=&#8221;center&#8221; css=&#8221;&#8221;][\/vc_column_inner][\/vc_row_inner][\/vc_column][vc_column width=&#8221;1\/12&#8243;][\/vc_column][\/vc_row][vc_row][vc_column width=&#8221;1\/12&#8243;][\/vc_column][vc_column width=&#8221;10\/12&#8243;][vc_row_inner content_placement=&#8221;middle&#8221;][vc_column_inner width=&#8221;6\/12&#8243;][vc_single_image image=&#8221;6129&#8243; img_size=&#8221;full&#8221; alignment=&#8221;center&#8221; css=&#8221;&#8221;][\/vc_column_inner][vc_column_inner width=&#8221;6\/12&#8243;][\/vc_column_inner][\/vc_row_inner][\/vc_column][vc_column width=&#8221;1\/12&#8243;][\/vc_column][\/vc_row][vc_row full_width=&#8221;stretch_row_content_no_spaces&#8221;][vc_column css_animation=&#8221;fadeIn&#8221;][vc_empty_space height=&#8221;20px&#8221;][vc_separator][vc_empty_space height=&#8221;20px&#8221;][\/vc_column][\/vc_row][vc_row bg_type=&#8221;bg_color&#8221; bg_override=&#8221;ex-full&#8221;][vc_column width=&#8221;1\/4&#8243;][\/vc_column][vc_column width=&#8221;1\/2&#8243;][\/vc_column][vc_column width=&#8221;1\/4&#8243;][\/vc_column][\/vc_row][vc_row full_width=&#8221;stretch_row_content_no_spaces&#8221;][vc_column css_animation=&#8221;fadeIn&#8221;][\/vc_column][\/vc_row]<\/p>\n","protected":false},"author":1,"featured_media":0,"parent":0,"menu_order":0,"comment_status":"closed","ping_status":"closed","template":"page.php","meta":{"_monsterinsights_skip_tracking":false,"_monsterinsights_sitenote_active":false,"_monsterinsights_sitenote_note":"","_monsterinsights_sitenote_category":0,"footnotes":""},"class_list":["post-6130","page","type-page","status-publish","hentry"],"yoast_head":"<!-- This site is optimized with the Yoast SEO plugin v27.3 - https:\/\/yoast.com\/product\/yoast-seo-wordpress\/ -->\n<title>Qui s\u00f3c - Ana Prats<\/title>\n<meta name=\"description\" content=\"S\u00f3c Ana Prats, fisioterapeuta i acompanyant en processos d&#039;autocura i autoconeixement a trav\u00e9s del cos.\" \/>\n<meta name=\"robots\" content=\"index, follow, max-snippet:-1, max-image-preview:large, max-video-preview:-1\" \/>\n<link rel=\"canonical\" href=\"https:\/\/www.anaprats.com\/ca\/qui-soc\/\" \/>\n<meta property=\"og:locale\" content=\"ca_ES\" \/>\n<meta property=\"og:type\" content=\"article\" \/>\n<meta property=\"og:title\" content=\"Qui s\u00f3c - Ana Prats\" \/>\n<meta property=\"og:description\" content=\"S\u00f3c Ana Prats, fisioterapeuta i acompanyant en processos d&#039;autocura i autoconeixement a trav\u00e9s del cos.\" \/>\n<meta property=\"og:url\" content=\"https:\/\/www.anaprats.com\/ca\/qui-soc\/\" \/>\n<meta property=\"og:site_name\" content=\"Ana Prats\" \/>\n<meta property=\"article:modified_time\" content=\"2026-04-10T08:38:59+00:00\" \/>\n<meta name=\"twitter:card\" content=\"summary_large_image\" \/>\n<meta name=\"twitter:label1\" content=\"Temps estimat de lectura\" \/>\n\t<meta name=\"twitter:data1\" content=\"5 minuts\" \/>\n<script type=\"application\/ld+json\" class=\"yoast-schema-graph\">{\"@context\":\"https:\\\/\\\/schema.org\",\"@graph\":[{\"@type\":\"WebPage\",\"@id\":\"https:\\\/\\\/www.anaprats.com\\\/ca\\\/qui-soc\\\/\",\"url\":\"https:\\\/\\\/www.anaprats.com\\\/ca\\\/qui-soc\\\/\",\"name\":\"Qui s\u00f3c - Ana Prats\",\"isPartOf\":{\"@id\":\"https:\\\/\\\/www.anaprats.com\\\/ca\\\/#website\"},\"datePublished\":\"2026-02-18T15:12:15+00:00\",\"dateModified\":\"2026-04-10T08:38:59+00:00\",\"description\":\"S\u00f3c Ana Prats, fisioterapeuta i acompanyant en processos d'autocura i autoconeixement a trav\u00e9s del cos.\",\"breadcrumb\":{\"@id\":\"https:\\\/\\\/www.anaprats.com\\\/ca\\\/qui-soc\\\/#breadcrumb\"},\"inLanguage\":\"ca\",\"potentialAction\":[{\"@type\":\"ReadAction\",\"target\":[\"https:\\\/\\\/www.anaprats.com\\\/ca\\\/qui-soc\\\/\"]}]},{\"@type\":\"BreadcrumbList\",\"@id\":\"https:\\\/\\\/www.anaprats.com\\\/ca\\\/qui-soc\\\/#breadcrumb\",\"itemListElement\":[{\"@type\":\"ListItem\",\"position\":1,\"name\":\"Portada\",\"item\":\"https:\\\/\\\/www.anaprats.com\\\/ca\\\/\"},{\"@type\":\"ListItem\",\"position\":2,\"name\":\"Qui s\u00f3c\"}]},{\"@type\":\"WebSite\",\"@id\":\"https:\\\/\\\/www.anaprats.com\\\/ca\\\/#website\",\"url\":\"https:\\\/\\\/www.anaprats.com\\\/ca\\\/\",\"name\":\"Ana Prats\",\"description\":\"\",\"publisher\":{\"@id\":\"https:\\\/\\\/www.anaprats.com\\\/ca\\\/#organization\"},\"potentialAction\":[{\"@type\":\"SearchAction\",\"target\":{\"@type\":\"EntryPoint\",\"urlTemplate\":\"https:\\\/\\\/www.anaprats.com\\\/ca\\\/?s={search_term_string}\"},\"query-input\":{\"@type\":\"PropertyValueSpecification\",\"valueRequired\":true,\"valueName\":\"search_term_string\"}}],\"inLanguage\":\"ca\"},{\"@type\":\"Organization\",\"@id\":\"https:\\\/\\\/www.anaprats.com\\\/ca\\\/#organization\",\"name\":\"Ana Prats\",\"url\":\"https:\\\/\\\/www.anaprats.com\\\/ca\\\/\",\"logo\":{\"@type\":\"ImageObject\",\"inLanguage\":\"ca\",\"@id\":\"https:\\\/\\\/www.anaprats.com\\\/ca\\\/#\\\/schema\\\/logo\\\/image\\\/\",\"url\":\"https:\\\/\\\/www.anaprats.com\\\/wp-content\\\/uploads\\\/2026\\\/02\\\/logo-footer.png\",\"contentUrl\":\"https:\\\/\\\/www.anaprats.com\\\/wp-content\\\/uploads\\\/2026\\\/02\\\/logo-footer.png\",\"width\":61,\"height\":61,\"caption\":\"Ana Prats\"},\"image\":{\"@id\":\"https:\\\/\\\/www.anaprats.com\\\/ca\\\/#\\\/schema\\\/logo\\\/image\\\/\"}}]}<\/script>\n<!-- \/ Yoast SEO plugin. -->","yoast_head_json":{"title":"Qui s\u00f3c - Ana Prats","description":"S\u00f3c Ana Prats, fisioterapeuta i acompanyant en processos d'autocura i autoconeixement a trav\u00e9s del cos.","robots":{"index":"index","follow":"follow","max-snippet":"max-snippet:-1","max-image-preview":"max-image-preview:large","max-video-preview":"max-video-preview:-1"},"canonical":"https:\/\/www.anaprats.com\/ca\/qui-soc\/","og_locale":"ca_ES","og_type":"article","og_title":"Qui s\u00f3c - Ana Prats","og_description":"S\u00f3c Ana Prats, fisioterapeuta i acompanyant en processos d'autocura i autoconeixement a trav\u00e9s del cos.","og_url":"https:\/\/www.anaprats.com\/ca\/qui-soc\/","og_site_name":"Ana Prats","article_modified_time":"2026-04-10T08:38:59+00:00","twitter_card":"summary_large_image","twitter_misc":{"Temps estimat de lectura":"5 minuts"},"schema":{"@context":"https:\/\/schema.org","@graph":[{"@type":"WebPage","@id":"https:\/\/www.anaprats.com\/ca\/qui-soc\/","url":"https:\/\/www.anaprats.com\/ca\/qui-soc\/","name":"Qui s\u00f3c - Ana Prats","isPartOf":{"@id":"https:\/\/www.anaprats.com\/ca\/#website"},"datePublished":"2026-02-18T15:12:15+00:00","dateModified":"2026-04-10T08:38:59+00:00","description":"S\u00f3c Ana Prats, fisioterapeuta i acompanyant en processos d'autocura i autoconeixement a trav\u00e9s del cos.","breadcrumb":{"@id":"https:\/\/www.anaprats.com\/ca\/qui-soc\/#breadcrumb"},"inLanguage":"ca","potentialAction":[{"@type":"ReadAction","target":["https:\/\/www.anaprats.com\/ca\/qui-soc\/"]}]},{"@type":"BreadcrumbList","@id":"https:\/\/www.anaprats.com\/ca\/qui-soc\/#breadcrumb","itemListElement":[{"@type":"ListItem","position":1,"name":"Portada","item":"https:\/\/www.anaprats.com\/ca\/"},{"@type":"ListItem","position":2,"name":"Qui s\u00f3c"}]},{"@type":"WebSite","@id":"https:\/\/www.anaprats.com\/ca\/#website","url":"https:\/\/www.anaprats.com\/ca\/","name":"Ana Prats","description":"","publisher":{"@id":"https:\/\/www.anaprats.com\/ca\/#organization"},"potentialAction":[{"@type":"SearchAction","target":{"@type":"EntryPoint","urlTemplate":"https:\/\/www.anaprats.com\/ca\/?s={search_term_string}"},"query-input":{"@type":"PropertyValueSpecification","valueRequired":true,"valueName":"search_term_string"}}],"inLanguage":"ca"},{"@type":"Organization","@id":"https:\/\/www.anaprats.com\/ca\/#organization","name":"Ana Prats","url":"https:\/\/www.anaprats.com\/ca\/","logo":{"@type":"ImageObject","inLanguage":"ca","@id":"https:\/\/www.anaprats.com\/ca\/#\/schema\/logo\/image\/","url":"https:\/\/www.anaprats.com\/wp-content\/uploads\/2026\/02\/logo-footer.png","contentUrl":"https:\/\/www.anaprats.com\/wp-content\/uploads\/2026\/02\/logo-footer.png","width":61,"height":61,"caption":"Ana Prats"},"image":{"@id":"https:\/\/www.anaprats.com\/ca\/#\/schema\/logo\/image\/"}}]}},"_links":{"self":[{"href":"https:\/\/www.anaprats.com\/ca\/wp-json\/wp\/v2\/pages\/6130","targetHints":{"allow":["GET"]}}],"collection":[{"href":"https:\/\/www.anaprats.com\/ca\/wp-json\/wp\/v2\/pages"}],"about":[{"href":"https:\/\/www.anaprats.com\/ca\/wp-json\/wp\/v2\/types\/page"}],"author":[{"embeddable":true,"href":"https:\/\/www.anaprats.com\/ca\/wp-json\/wp\/v2\/users\/1"}],"replies":[{"embeddable":true,"href":"https:\/\/www.anaprats.com\/ca\/wp-json\/wp\/v2\/comments?post=6130"}],"version-history":[{"count":6,"href":"https:\/\/www.anaprats.com\/ca\/wp-json\/wp\/v2\/pages\/6130\/revisions"}],"predecessor-version":[{"id":6157,"href":"https:\/\/www.anaprats.com\/ca\/wp-json\/wp\/v2\/pages\/6130\/revisions\/6157"}],"wp:attachment":[{"href":"https:\/\/www.anaprats.com\/ca\/wp-json\/wp\/v2\/media?parent=6130"}],"curies":[{"name":"wp","href":"https:\/\/api.w.org\/{rel}","templated":true}]}}