{"id":6138,"date":"2026-03-16T10:27:09","date_gmt":"2026-03-16T09:27:09","guid":{"rendered":"https:\/\/www.anaprats.com\/sessions\/"},"modified":"2026-04-10T10:38:43","modified_gmt":"2026-04-10T08:38:43","slug":"sessions","status":"publish","type":"page","link":"https:\/\/www.anaprats.com\/ca\/sessions\/","title":{"rendered":"Sessions"},"content":{"rendered":"<div class=\"wpb-content-wrapper\"><p>[vc_row][vc_column]<div class=\"ult-spacer spacer-69e1ba8f1dc67\" data-id=\"69e1ba8f1dc67\" data-height=\"120\" data-height-mobile=\"50\" data-height-tab=\"\" data-height-tab-portrait=\"90\" data-height-mobile-landscape=\"75\" style=\"clear:both;display:block;\"><\/div>[\/vc_column][\/vc_row][vc_row css_animation=&#8221;none&#8221; el_class=&#8221;wide-ipad&#8221;][vc_column css_animation=&#8221;linesAnimIn&#8221; width=&#8221;1\/4&#8243;][\/vc_column][vc_column css_animation=&#8221;linesAnimIn&#8221; width=&#8221;1\/2&#8243; el_class=&#8221;wide-2col&#8221;][vc_custom_heading text=&#8221;Cada proc\u00e9s \u00e9s \u00fanic&#8221; font_container=&#8221;tag:p|font_size:24px|text_align:center|color:%230c0c0c|line_height:1.7em&#8221; use_theme_fonts=&#8221;yes&#8221; css=&#8221;&#8221; el_class=&#8221;font-weight-300&#8243;]<div class=\"ult-spacer spacer-69e1ba8f1dca4\" data-id=\"69e1ba8f1dca4\" data-height=\"15\" data-height-mobile=\"20\" data-height-tab=\"20\" data-height-tab-portrait=\"30\" data-height-mobile-landscape=\"30\" style=\"clear:both;display:block;\"><\/div>[vc_custom_heading text=&#8221;El punt de partida \u00e9s sempre el moment en qu\u00e8 et trobes.<br \/>\n Treballo en diferents formats per adaptar-me a les teves necessitats.&#8221; font_container=&#8221;tag:p|text_align:center|color:%23000000&#8243; use_theme_fonts=&#8221;yes&#8221; css=&#8221;&#8221;][\/vc_column][vc_column css_animation=&#8221;linesAnimIn&#8221; width=&#8221;1\/4&#8243; el_class=&#8221;wide-2col&#8221;]<div class=\"ult-spacer spacer-69e1ba8f1dcce\" data-id=\"69e1ba8f1dcce\" data-height=\"15\" data-height-mobile=\"0\" data-height-tab=\"20\" data-height-tab-portrait=\"30\" data-height-mobile-landscape=\"30\" style=\"clear:both;display:block;\"><\/div>[\/vc_column][\/vc_row][vc_row full_width=&#8221;stretch_row_content_no_spaces&#8221;][vc_column css_animation=&#8221;fadeIn&#8221;]<div class=\"ult-spacer spacer-69e1ba8f1dcf2\" data-id=\"69e1ba8f1dcf2\" data-height=\"120\" data-height-mobile=\"50\" data-height-tab=\"\" data-height-tab-portrait=\"90\" data-height-mobile-landscape=\"75\" style=\"clear:both;display:block;\"><\/div>[vc_empty_space height=&#8221;20px&#8221;][vc_separator][vc_empty_space height=&#8221;20px&#8221;]<div class=\"ult-spacer spacer-69e1ba8f1dd14\" data-id=\"69e1ba8f1dd14\" data-height=\"120\" data-height-mobile=\"50\" data-height-tab=\"\" data-height-tab-portrait=\"90\" data-height-mobile-landscape=\"75\" style=\"clear:both;display:block;\"><\/div>[\/vc_column][\/vc_row][vc_row equal_height=&#8221;yes&#8221; content_placement=&#8221;middle&#8221; bg_type=&#8221;bg_color&#8221; bg_override=&#8221;ex-full&#8221; ult_hide_row=&#8221;ult_hide_row_value&#8221; ult_hide_row_tablet_small=&#8221;xs_tablet&#8221;][vc_column css_animation=&#8221;fadeInUpShort&#8221; width=&#8221;1\/4&#8243;][\/vc_column][vc_column css_animation=&#8221;fadeIn&#8221; width=&#8221;1\/2&#8243;][vc_custom_heading text=&#8221;Sessions individuals&#8221; font_container=&#8221;tag:h2|text_align:center|color:%230c0c0c&#8221; use_theme_fonts=&#8221;yes&#8221; css=&#8221;&#8221; el_class=&#8221;align-center&#8221;]<div class=\"ult-spacer spacer-69e1ba8f1dd33\" data-id=\"69e1ba8f1dd33\" data-height=\"30\" data-height-mobile=\"30\" data-height-tab=\"30\" data-height-tab-portrait=\"\" data-height-mobile-landscape=\"\" style=\"clear:both;display:block;\"><\/div>[vc_custom_heading text=&#8221;Espai personalitzat on abordem el dolor, la recuperaci\u00f3 f\u00edsica o el moment vital que estiguis travessant.&#8221; font_container=&#8221;tag:p|font_size:1.1em|text_align:center|color:%23000000&#8243; use_theme_fonts=&#8221;yes&#8221; css=&#8221;&#8221; el_class=&#8221;align-center&#8221;][vc_custom_heading text=&#8221;Recomano iniciar amb un cicle de quatre sessions per establir una base s\u00f2lida de treball i permetre que el cos comenci a reorganitzar-se.&#8221; font_container=&#8221;tag:p|font_size:1.1em|text_align:center|color:%23000000&#8243; use_theme_fonts=&#8221;yes&#8221; css=&#8221;&#8221; el_class=&#8221;font-weight-600&#8243;]<div class=\"ult-spacer spacer-69e1ba8f1dd51\" data-id=\"69e1ba8f1dd51\" data-height=\"30\" data-height-mobile=\"30\" data-height-tab=\"30\" data-height-tab-portrait=\"\" data-height-mobile-landscape=\"\" style=\"clear:both;display:block;\"><\/div><div class=\"ult-content-box-container \" >\t\t<div class=\"ult-content-box\" style=\"box-shadow: px px px px none;margin-top:0px;margin-right:0px;margin-bottom:0px;margin-left:0px;-webkit-transition: all 700ms ease;-moz-transition: all 700ms ease;-ms-transition: all 700ms ease;-o-transition: all 700ms ease;transition: all 700ms ease;\"  data-hover_box_shadow=\"none\"    data-normal_margins=\"margin-top:0px;margin-right:0px;margin-bottom:0px;margin-left:0px;\"  >[vc_single_image image=&#8221;6136&#8243; img_size=&#8221;full&#8221; alignment=&#8221;center&#8221; css_animation=&#8221;scaleOutIn&#8221; css=&#8221;&#8221;]\t\t<\/div><\/div><div class=\"ult-spacer spacer-69e1ba8f1ddb8\" data-id=\"69e1ba8f1ddb8\" data-height=\"\" data-height-mobile=\"50\" data-height-tab=\"\" data-height-tab-portrait=\"\" data-height-mobile-landscape=\"50\" style=\"clear:both;display:block;\"><\/div>[\/vc_column][vc_column css_animation=&#8221;fadeInUpShort&#8221; width=&#8221;1\/4&#8243;][\/vc_column][\/vc_row][vc_row][vc_column]<div class=\"ult-spacer spacer-69e1ba8f1ddd9\" data-id=\"69e1ba8f1ddd9\" data-height=\"120\" data-height-mobile=\"50\" data-height-tab=\"\" data-height-tab-portrait=\"90\" data-height-mobile-landscape=\"75\" style=\"clear:both;display:block;\"><\/div>[\/vc_column][\/vc_row][vc_row equal_height=&#8221;yes&#8221; content_placement=&#8221;middle&#8221; bg_type=&#8221;bg_color&#8221; bg_override=&#8221;ex-full&#8221; ult_hide_row=&#8221;ult_hide_row_value&#8221; ult_hide_row_tablet_small=&#8221;xs_tablet&#8221;][vc_column css_animation=&#8221;fadeInUpShort&#8221; width=&#8221;1\/4&#8243;]<div class=\"ult-spacer spacer-69e1ba8f1ddf9\" data-id=\"69e1ba8f1ddf9\" data-height=\"80\" data-height-mobile=\"50\" data-height-tab=\"\" data-height-tab-portrait=\"\" data-height-mobile-landscape=\"50\" style=\"clear:both;display:block;\"><\/div>[vc_custom_heading text=&#8221;Grups redu\u00efts que permeten mantenir una atenci\u00f3 individualitzada dins un espai compartit.&#8221; font_container=&#8221;tag:p|text_align:left|color:%23000000&#8243; use_theme_fonts=&#8221;yes&#8221; css=&#8221;&#8221; el_class=&#8221;align-center&#8221;][vc_custom_heading text=&#8221;Adequades per aprofundir en la consci\u00e8ncia corporal, millorar la col\u00b7locaci\u00f3 i sostenir el proc\u00e9s en el temps.&#8221; font_container=&#8221;tag:p|text_align:left&#8221; use_theme_fonts=&#8221;yes&#8221; css=&#8221;&#8221; el_class=&#8221;align-center&#8221;][vc_empty_space height=&#8221;15px&#8221;][\/vc_column][vc_column css_animation=&#8221;fadeIn&#8221; width=&#8221;1\/2&#8243;][vc_custom_heading text=&#8221;Sessions grupals&#8221; font_container=&#8221;tag:h2|text_align:left|color:%230c0c0c&#8221; use_theme_fonts=&#8221;yes&#8221; css=&#8221;&#8221; el_class=&#8221;align-center&#8221;]<div class=\"ult-spacer spacer-69e1ba8f1de16\" data-id=\"69e1ba8f1de16\" data-height=\"30\" data-height-mobile=\"30\" data-height-tab=\"30\" data-height-tab-portrait=\"\" data-height-mobile-landscape=\"\" style=\"clear:both;display:block;\"><\/div><div class=\"ult-content-box-container \" >\t\t<div class=\"ult-content-box\" style=\"box-shadow: px px px px none;margin-top:0px;margin-right:0px;margin-bottom:0px;margin-left:0px;-webkit-transition: all 700ms ease;-moz-transition: all 700ms ease;-ms-transition: all 700ms ease;-o-transition: all 700ms ease;transition: all 700ms ease;\"  data-hover_box_shadow=\"none\"    data-normal_margins=\"margin-top:0px;margin-right:0px;margin-bottom:0px;margin-left:0px;\"  >[vc_single_image image=&#8221;6108&#8243; img_size=&#8221;full&#8221; alignment=&#8221;center&#8221; css_animation=&#8221;scaleOutIn&#8221; css=&#8221;&#8221;]\t\t<\/div><\/div><div class=\"ult-spacer spacer-69e1ba8f1de6a\" data-id=\"69e1ba8f1de6a\" data-height=\"\" data-height-mobile=\"50\" data-height-tab=\"\" data-height-tab-portrait=\"\" data-height-mobile-landscape=\"50\" style=\"clear:both;display:block;\"><\/div>[\/vc_column][vc_column css_animation=&#8221;fadeInUpShort&#8221; width=&#8221;1\/4&#8243;][\/vc_column][\/vc_row][vc_row][vc_column]<div class=\"ult-spacer spacer-69e1ba8f1de88\" data-id=\"69e1ba8f1de88\" data-height=\"120\" data-height-mobile=\"50\" data-height-tab=\"\" data-height-tab-portrait=\"90\" data-height-mobile-landscape=\"75\" style=\"clear:both;display:block;\"><\/div>[\/vc_column][\/vc_row][vc_row equal_height=&#8221;yes&#8221; content_placement=&#8221;middle&#8221; bg_type=&#8221;bg_color&#8221; bg_override=&#8221;ex-full&#8221; ult_hide_row=&#8221;ult_hide_row_value&#8221; ult_hide_row_tablet_small=&#8221;xs_tablet&#8221;][vc_column css_animation=&#8221;fadeInUpShort&#8221; width=&#8221;1\/4&#8243;][\/vc_column][vc_column css_animation=&#8221;fadeIn&#8221; width=&#8221;1\/2&#8243;][vc_custom_heading text=&#8221;Sessions corporals en l\u00ednia&#8221; font_container=&#8221;tag:h2|text_align:center|color:%230c0c0c&#8221; use_theme_fonts=&#8221;yes&#8221; css=&#8221;&#8221; el_class=&#8221;align-center&#8221;]<div class=\"ult-spacer spacer-69e1ba8f1dea5\" data-id=\"69e1ba8f1dea5\" data-height=\"30\" data-height-mobile=\"30\" data-height-tab=\"30\" data-height-tab-portrait=\"\" data-height-mobile-landscape=\"\" style=\"clear:both;display:block;\"><\/div><div class=\"ult-content-box-container \" >\t\t<div class=\"ult-content-box\" style=\"box-shadow: px px px px none;margin-right:20%;margin-bottom:0%;margin-left:20%;-webkit-transition: all 700ms ease;-moz-transition: all 700ms ease;-ms-transition: all 700ms ease;-o-transition: all 700ms ease;transition: all 700ms ease;\"  data-hover_box_shadow=\"none\"   data-responsive_margins=\"margin-right:0px;margin-left:0px;\"   data-normal_margins=\"margin-right:20%;margin-bottom:0%;margin-left:20%;\"  >[vc_single_image image=&#8221;6137&#8243; img_size=&#8221;full&#8221; css_animation=&#8221;scaleOutIn&#8221; css=&#8221;&#8221;]\t\t<\/div><\/div><div class=\"ult-spacer spacer-69e1ba8f1def5\" data-id=\"69e1ba8f1def5\" data-height=\"\" data-height-mobile=\"50\" data-height-tab=\"\" data-height-tab-portrait=\"\" data-height-mobile-landscape=\"50\" style=\"clear:both;display:block;\"><\/div>[\/vc_column][vc_column css_animation=&#8221;fadeInUpShort&#8221; width=&#8221;1\/4&#8243;]<div class=\"ult-spacer spacer-69e1ba8f1df12\" data-id=\"69e1ba8f1df12\" data-height=\"80\" data-height-mobile=\"50\" data-height-tab=\"\" data-height-tab-portrait=\"\" data-height-mobile-landscape=\"50\" style=\"clear:both;display:block;\"><\/div>[vc_custom_heading text=&#8221;Per als que no es poden despla\u00e7ar o viuen fora.&#8221; font_container=&#8221;tag:p|text_align:left|color:%23000000&#8243; use_theme_fonts=&#8221;yes&#8221; css=&#8221;&#8221; el_class=&#8221;align-center&#8221;][vc_custom_heading text=&#8221;El treball corporal tamb\u00e9 es pot fer a dist\u00e0ncia amb guia clara i atenci\u00f3 precisa.&#8221; font_container=&#8221;tag:p|text_align:left|color:%230c0c0c&#8221; use_theme_fonts=&#8221;yes&#8221; css=&#8221;&#8221; el_class=&#8221;align-center&#8221;][\/vc_column][\/vc_row][vc_row][vc_column]<div class=\"ult-spacer spacer-69e1ba8f1df2f\" data-id=\"69e1ba8f1df2f\" data-height=\"120\" data-height-mobile=\"50\" data-height-tab=\"\" data-height-tab-portrait=\"90\" data-height-mobile-landscape=\"75\" style=\"clear:both;display:block;\"><\/div>[\/vc_column][\/vc_row][vc_row equal_height=&#8221;yes&#8221; content_placement=&#8221;middle&#8221; bg_type=&#8221;image&#8221; parallax_style=&#8221;vcpb-vz-jquery&#8221; bg_image_new=&#8221;id^5649|url^https:\/\/www.anaprats.com\/wp-content\/uploads\/2026\/02\/fondo-home3.jpg|caption^null|alt^null|title^fondo-home3|description^null&#8221; bg_image_repeat=&#8221;no-repeat&#8221; bg_override=&#8221;ex-full&#8221; enable_overlay=&#8221;enable_overlay_value&#8221; overlay_color=&#8221;rgba(0,0,0,0.15)&#8221; el_class=&#8221;wide-ipad&#8221;][vc_column css_animation=&#8221;fadeInUpShort&#8221; width=&#8221;1\/4&#8243;][\/vc_column][vc_column css_animation=&#8221;fadeInUpBig&#8221; width=&#8221;1\/2&#8243; el_class=&#8221;not-wide-mobile&#8221;]<div class=\"ult-spacer spacer-69e1ba8f1df4f\" data-id=\"69e1ba8f1df4f\" data-height=\"120\" data-height-mobile=\"50\" data-height-tab=\"\" data-height-tab-portrait=\"90\" data-height-mobile-landscape=\"75\" style=\"clear:both;display:block;\"><\/div><div class=\"ult-content-box-container \" >\t\t<div class=\"ult-content-box\" style=\"box-shadow: px px px px none;margin-right:40px;-webkit-transition: all 700ms ease;-moz-transition: all 700ms ease;-ms-transition: all 700ms ease;-o-transition: all 700ms ease;transition: all 700ms ease;\"  data-hover_box_shadow=\"none\"   data-responsive_margins=\"margin:0px;\"   data-normal_margins=\"margin-right:40px;\"  >[vc_custom_heading text=&#8221;Si tens dubtes sobre quin format \u00e9s m\u00e9s adequat per a tu, el podem valorar juntes.&#8221; font_container=&#8221;tag:h2|text_align:center|color:%23ffffff&#8221; use_theme_fonts=&#8221;yes&#8221; css=&#8221;&#8221; el_class=&#8221;align-center&#8221;][vc_empty_space height=&#8221;30px&#8221;][vc_btn title=&#8221;RESERVA LA TEVA SESSI\u00d3&#8221; style=&#8221;custom&#8221; custom_background=&#8221;#ffffff&#8221; custom_text=&#8221;#111111&#8243; size=&#8221;sm&#8221; align=&#8221;center&#8221; css=&#8221;&#8221; link=&#8221;url:https%3A%2F%2Fwww.anaprats.com%2Fca%2Fcontacte%2F|title:Contacte|&#8221; el_class=&#8221;align-center&#8221;]\t\t<\/div><\/div><div class=\"ult-spacer spacer-69e1ba8f1dfaa\" data-id=\"69e1ba8f1dfaa\" data-height=\"120\" data-height-mobile=\"50\" data-height-tab=\"\" data-height-tab-portrait=\"90\" data-height-mobile-landscape=\"75\" style=\"clear:both;display:block;\"><\/div>[\/vc_column][vc_column width=&#8221;1\/4&#8243;][\/vc_column][\/vc_row]<\/p>\n<\/div>","protected":false},"excerpt":{"rendered":"<p>[vc_row][vc_column][\/vc_column][\/vc_row][vc_row css_animation=&#8221;none&#8221; el_class=&#8221;wide-ipad&#8221;][vc_column css_animation=&#8221;linesAnimIn&#8221; width=&#8221;1\/4&#8243;][\/vc_column][vc_column css_animation=&#8221;linesAnimIn&#8221; width=&#8221;1\/2&#8243; el_class=&#8221;wide-2col&#8221;][vc_custom_heading text=&#8221;Cada proc\u00e9s \u00e9s \u00fanic&#8221; font_container=&#8221;tag:p|font_size:24px|text_align:center|color:%230c0c0c|line_height:1.7em&#8221; use_theme_fonts=&#8221;yes&#8221; css=&#8221;&#8221; el_class=&#8221;font-weight-300&#8243;][vc_custom_heading text=&#8221;El punt de partida \u00e9s sempre el moment en qu\u00e8 et trobes. Treballo en diferents formats per adaptar-me a les teves necessitats.&#8221; font_container=&#8221;tag:p|text_align:center|color:%23000000&#8243; use_theme_fonts=&#8221;yes&#8221; css=&#8221;&#8221;][\/vc_column][vc_column css_animation=&#8221;linesAnimIn&#8221; width=&#8221;1\/4&#8243; el_class=&#8221;wide-2col&#8221;][\/vc_column][\/vc_row][vc_row full_width=&#8221;stretch_row_content_no_spaces&#8221;][vc_column css_animation=&#8221;fadeIn&#8221;][vc_empty_space height=&#8221;20px&#8221;][vc_separator][vc_empty_space height=&#8221;20px&#8221;][\/vc_column][\/vc_row][vc_row equal_height=&#8221;yes&#8221; content_placement=&#8221;middle&#8221; bg_type=&#8221;bg_color&#8221; bg_override=&#8221;ex-full&#8221; ult_hide_row=&#8221;ult_hide_row_value&#8221; ult_hide_row_tablet_small=&#8221;xs_tablet&#8221;][vc_column css_animation=&#8221;fadeInUpShort&#8221; [&hellip;]<\/p>\n","protected":false},"author":1,"featured_media":0,"parent":0,"menu_order":0,"comment_status":"closed","ping_status":"closed","template":"page.php","meta":{"_monsterinsights_skip_tracking":false,"_monsterinsights_sitenote_active":false,"_monsterinsights_sitenote_note":"","_monsterinsights_sitenote_category":0,"footnotes":""},"class_list":["post-6138","page","type-page","status-publish","hentry"],"yoast_head":"<!-- This site is optimized with the Yoast SEO plugin v27.3 - https:\/\/yoast.com\/product\/yoast-seo-wordpress\/ -->\n<title>Sessions - Ana Prats<\/title>\n<meta name=\"description\" content=\"Espai personalitzat on abordem el dolor, la recuperaci\u00f3 f\u00edsica o el moment vital que estiguis travessant.\" \/>\n<meta name=\"robots\" content=\"index, follow, max-snippet:-1, max-image-preview:large, max-video-preview:-1\" \/>\n<link rel=\"canonical\" href=\"https:\/\/www.anaprats.com\/ca\/sessions\/\" \/>\n<meta property=\"og:locale\" content=\"ca_ES\" \/>\n<meta property=\"og:type\" content=\"article\" \/>\n<meta property=\"og:title\" content=\"Sessions - Ana Prats\" \/>\n<meta property=\"og:description\" content=\"Espai personalitzat on abordem el dolor, la recuperaci\u00f3 f\u00edsica o el moment vital que estiguis travessant.\" \/>\n<meta property=\"og:url\" content=\"https:\/\/www.anaprats.com\/ca\/sessions\/\" \/>\n<meta property=\"og:site_name\" content=\"Ana Prats\" \/>\n<meta property=\"article:modified_time\" content=\"2026-04-10T08:38:43+00:00\" \/>\n<meta name=\"twitter:card\" content=\"summary_large_image\" \/>\n<meta name=\"twitter:label1\" content=\"Temps estimat de lectura\" \/>\n\t<meta name=\"twitter:data1\" content=\"6 minuts\" \/>\n<script type=\"application\/ld+json\" class=\"yoast-schema-graph\">{\"@context\":\"https:\\\/\\\/schema.org\",\"@graph\":[{\"@type\":\"WebPage\",\"@id\":\"https:\\\/\\\/www.anaprats.com\\\/ca\\\/sessions\\\/\",\"url\":\"https:\\\/\\\/www.anaprats.com\\\/ca\\\/sessions\\\/\",\"name\":\"Sessions - Ana Prats\",\"isPartOf\":{\"@id\":\"https:\\\/\\\/www.anaprats.com\\\/ca\\\/#website\"},\"datePublished\":\"2026-03-16T09:27:09+00:00\",\"dateModified\":\"2026-04-10T08:38:43+00:00\",\"description\":\"Espai personalitzat on abordem el dolor, la recuperaci\u00f3 f\u00edsica o el moment vital que estiguis travessant.\",\"breadcrumb\":{\"@id\":\"https:\\\/\\\/www.anaprats.com\\\/ca\\\/sessions\\\/#breadcrumb\"},\"inLanguage\":\"ca\",\"potentialAction\":[{\"@type\":\"ReadAction\",\"target\":[\"https:\\\/\\\/www.anaprats.com\\\/ca\\\/sessions\\\/\"]}]},{\"@type\":\"BreadcrumbList\",\"@id\":\"https:\\\/\\\/www.anaprats.com\\\/ca\\\/sessions\\\/#breadcrumb\",\"itemListElement\":[{\"@type\":\"ListItem\",\"position\":1,\"name\":\"Portada\",\"item\":\"https:\\\/\\\/www.anaprats.com\\\/ca\\\/\"},{\"@type\":\"ListItem\",\"position\":2,\"name\":\"Sessions\"}]},{\"@type\":\"WebSite\",\"@id\":\"https:\\\/\\\/www.anaprats.com\\\/ca\\\/#website\",\"url\":\"https:\\\/\\\/www.anaprats.com\\\/ca\\\/\",\"name\":\"Ana Prats\",\"description\":\"\",\"publisher\":{\"@id\":\"https:\\\/\\\/www.anaprats.com\\\/ca\\\/#organization\"},\"potentialAction\":[{\"@type\":\"SearchAction\",\"target\":{\"@type\":\"EntryPoint\",\"urlTemplate\":\"https:\\\/\\\/www.anaprats.com\\\/ca\\\/?s={search_term_string}\"},\"query-input\":{\"@type\":\"PropertyValueSpecification\",\"valueRequired\":true,\"valueName\":\"search_term_string\"}}],\"inLanguage\":\"ca\"},{\"@type\":\"Organization\",\"@id\":\"https:\\\/\\\/www.anaprats.com\\\/ca\\\/#organization\",\"name\":\"Ana Prats\",\"url\":\"https:\\\/\\\/www.anaprats.com\\\/ca\\\/\",\"logo\":{\"@type\":\"ImageObject\",\"inLanguage\":\"ca\",\"@id\":\"https:\\\/\\\/www.anaprats.com\\\/ca\\\/#\\\/schema\\\/logo\\\/image\\\/\",\"url\":\"https:\\\/\\\/www.anaprats.com\\\/wp-content\\\/uploads\\\/2026\\\/02\\\/logo-footer.png\",\"contentUrl\":\"https:\\\/\\\/www.anaprats.com\\\/wp-content\\\/uploads\\\/2026\\\/02\\\/logo-footer.png\",\"width\":61,\"height\":61,\"caption\":\"Ana Prats\"},\"image\":{\"@id\":\"https:\\\/\\\/www.anaprats.com\\\/ca\\\/#\\\/schema\\\/logo\\\/image\\\/\"}}]}<\/script>\n<!-- \/ Yoast SEO plugin. -->","yoast_head_json":{"title":"Sessions - Ana Prats","description":"Espai personalitzat on abordem el dolor, la recuperaci\u00f3 f\u00edsica o el moment vital que estiguis travessant.","robots":{"index":"index","follow":"follow","max-snippet":"max-snippet:-1","max-image-preview":"max-image-preview:large","max-video-preview":"max-video-preview:-1"},"canonical":"https:\/\/www.anaprats.com\/ca\/sessions\/","og_locale":"ca_ES","og_type":"article","og_title":"Sessions - Ana Prats","og_description":"Espai personalitzat on abordem el dolor, la recuperaci\u00f3 f\u00edsica o el moment vital que estiguis travessant.","og_url":"https:\/\/www.anaprats.com\/ca\/sessions\/","og_site_name":"Ana Prats","article_modified_time":"2026-04-10T08:38:43+00:00","twitter_card":"summary_large_image","twitter_misc":{"Temps estimat de lectura":"6 minuts"},"schema":{"@context":"https:\/\/schema.org","@graph":[{"@type":"WebPage","@id":"https:\/\/www.anaprats.com\/ca\/sessions\/","url":"https:\/\/www.anaprats.com\/ca\/sessions\/","name":"Sessions - Ana Prats","isPartOf":{"@id":"https:\/\/www.anaprats.com\/ca\/#website"},"datePublished":"2026-03-16T09:27:09+00:00","dateModified":"2026-04-10T08:38:43+00:00","description":"Espai personalitzat on abordem el dolor, la recuperaci\u00f3 f\u00edsica o el moment vital que estiguis travessant.","breadcrumb":{"@id":"https:\/\/www.anaprats.com\/ca\/sessions\/#breadcrumb"},"inLanguage":"ca","potentialAction":[{"@type":"ReadAction","target":["https:\/\/www.anaprats.com\/ca\/sessions\/"]}]},{"@type":"BreadcrumbList","@id":"https:\/\/www.anaprats.com\/ca\/sessions\/#breadcrumb","itemListElement":[{"@type":"ListItem","position":1,"name":"Portada","item":"https:\/\/www.anaprats.com\/ca\/"},{"@type":"ListItem","position":2,"name":"Sessions"}]},{"@type":"WebSite","@id":"https:\/\/www.anaprats.com\/ca\/#website","url":"https:\/\/www.anaprats.com\/ca\/","name":"Ana Prats","description":"","publisher":{"@id":"https:\/\/www.anaprats.com\/ca\/#organization"},"potentialAction":[{"@type":"SearchAction","target":{"@type":"EntryPoint","urlTemplate":"https:\/\/www.anaprats.com\/ca\/?s={search_term_string}"},"query-input":{"@type":"PropertyValueSpecification","valueRequired":true,"valueName":"search_term_string"}}],"inLanguage":"ca"},{"@type":"Organization","@id":"https:\/\/www.anaprats.com\/ca\/#organization","name":"Ana Prats","url":"https:\/\/www.anaprats.com\/ca\/","logo":{"@type":"ImageObject","inLanguage":"ca","@id":"https:\/\/www.anaprats.com\/ca\/#\/schema\/logo\/image\/","url":"https:\/\/www.anaprats.com\/wp-content\/uploads\/2026\/02\/logo-footer.png","contentUrl":"https:\/\/www.anaprats.com\/wp-content\/uploads\/2026\/02\/logo-footer.png","width":61,"height":61,"caption":"Ana Prats"},"image":{"@id":"https:\/\/www.anaprats.com\/ca\/#\/schema\/logo\/image\/"}}]}},"_links":{"self":[{"href":"https:\/\/www.anaprats.com\/ca\/wp-json\/wp\/v2\/pages\/6138","targetHints":{"allow":["GET"]}}],"collection":[{"href":"https:\/\/www.anaprats.com\/ca\/wp-json\/wp\/v2\/pages"}],"about":[{"href":"https:\/\/www.anaprats.com\/ca\/wp-json\/wp\/v2\/types\/page"}],"author":[{"embeddable":true,"href":"https:\/\/www.anaprats.com\/ca\/wp-json\/wp\/v2\/users\/1"}],"replies":[{"embeddable":true,"href":"https:\/\/www.anaprats.com\/ca\/wp-json\/wp\/v2\/comments?post=6138"}],"version-history":[{"count":6,"href":"https:\/\/www.anaprats.com\/ca\/wp-json\/wp\/v2\/pages\/6138\/revisions"}],"predecessor-version":[{"id":6154,"href":"https:\/\/www.anaprats.com\/ca\/wp-json\/wp\/v2\/pages\/6138\/revisions\/6154"}],"wp:attachment":[{"href":"https:\/\/www.anaprats.com\/ca\/wp-json\/wp\/v2\/media?parent=6138"}],"curies":[{"name":"wp","href":"https:\/\/api.w.org\/{rel}","templated":true}]}}